{"id":2150,"date":"2023-08-23T12:12:47","date_gmt":"2023-08-23T12:12:47","guid":{"rendered":"https:\/\/taskicahandmade.hr\/politika-zasebnosti\/"},"modified":"2024-10-31T08:21:04","modified_gmt":"2024-10-31T08:21:04","slug":"politika-zasebnosti","status":"publish","type":"page","link":"https:\/\/taskicahandmade.hr\/sl\/politika-zasebnosti\/","title":{"rendered":"Politika zasebnosti"},"content":{"rendered":"\t\t<div data-elementor-type=\"wp-page\" data-elementor-id=\"2150\" class=\"elementor elementor-2150 elementor-3\">\n\t\t\t\t\t\t<section class=\"elementor-section elementor-top-section elementor-element elementor-element-793c3496 elementor-section-boxed elementor-section-height-default elementor-section-height-default\" data-id=\"793c3496\" data-element_type=\"section\" data-e-type=\"section\">\n\t\t\t\t\t\t<div class=\"elementor-container elementor-column-gap-default\">\n\t\t\t\t\t<div class=\"elementor-column elementor-col-100 elementor-top-column elementor-element elementor-element-5db1ae8b\" data-id=\"5db1ae8b\" data-element_type=\"column\" data-e-type=\"column\">\n\t\t\t<div class=\"elementor-widget-wrap elementor-element-populated\">\n\t\t\t\t\t\t<div class=\"elementor-element elementor-element-58bc2364 elementor-widget__width-initial elementor-widget elementor-widget-text-editor\" data-id=\"58bc2364\" data-element_type=\"widget\" data-e-type=\"widget\" data-widget_type=\"text-editor.default\">\n\t\t\t\t<div class=\"elementor-widget-container\">\n\t\t\t\t\t\t\t\t\t<p><\/p>\n<h3><strong><span style=\"font-size: 21px;\">ostalo<\/span><\/strong><\/h3>\n<p><span style=\"color: #818080; font-family: Roboto, sans-serif; font-size: 15px; font-weight: 400;\">Spletna trgovina www.taskicahandmade.hr je spletna trgovina za prodajo bomba\u017enih trakov, torbic, dodatkov in podobnih izdelkov. Splo\u0161ni pogoji spletne trgovine so sestavljeni v skladu z Zakonom o varstvu potro\u0161nikov (ZZP), Zakonom o avtorski in sorodnih pravicah (ZAPSP) in Zakonom o elektronskih komunikacijah (ZEK). <\/span><\/p>\n<p style=\"color: #818080; font-family: Roboto, sans-serif; font-size: 15px; font-weight: 400;\">S spletno trgovino upravlja obrt Ta\u0161kica Handmade, obrt za proizvodnjo, storitve in trgovino, last Slunjski Deni, Male Ledine 31, 42202 Trnovec. OIB: 80586825368.  <\/p>\n<p style=\"color: #818080; font-family: Roboto, sans-serif; font-size: 15px; font-weight: 400;\">Splo\u0161ni pogoji poslovanja dolo\u010dajo delovanje spletne trgovine www.taskicahandmade.hr, pravice in obveznosti uporabnika in trgovine ter urejajo poslovni odnos med spletno trgovino www.taskicahandmade.hr in kupcem. Ta\u0161kica Handmade si pridr\u017euje pravico do spremembe splo\u0161nih pogojev na spletni strani www.taskicahandmade.hr kadarkoli in brez predhodnega obvestila. Vse spremembe splo\u0161nih pogojev so za uporabnike zavezujo\u010de. Uporabnika zavezujejo splo\u0161ni pogoji, veljavni v trenutku oddaje spletnega naro\u010dila. Ob oddaji naro\u010dila je uporabnik opozorjen na splo\u0161ne pogoje poslovanja in z oddajo naro\u010dila potrjuje, da se z njimi strinja.    <\/p>\n<h3 style=\"color: #818080; font-family: Roboto, sans-serif; font-size: 15px; font-weight: 400;\"><strong><span style=\"font-size: 21px; color: #030303; font-family: Inter, sans-serif;\">Izjava o zbiranju in uporabi osebnih podatkov<\/span><\/strong><\/h3>\n<p><span style=\"color: var( --e-global-color-text ); font-family: var( --e-global-typography-text-font-family ), Sans-serif; font-size: 15px; font-weight: var( --e-global-typography-text-font-weight );\">Ta\u0161kica Handmde se zavezuje, da bo skrbela za varovanje osebnih podatkov kupcev, na na\u010din, da zbira podatke o kupcih\/uporabnikih, ki so potrebni za izpolnjevanje na\u0161ih obveznosti (ime in priimek, naslov, telefonska\/mobilna \u0161tevilka, e-naslov) ter druge podatke, ki jih pustite sami. Zaradi same narave uporabe tega spletnega mesta zbiramo podatke o IP naslovih in pi\u0161kotkih na na\u010din, ki je dolo\u010den v tem obvestilu. Vsi podatki o uporabnikih se strogo hranijo in so na voljo le zaposlenim, ki te podatke potrebujejo za opravljanje svojega dela. Vsi zaposleni v Ta\u0161kica Handmade in poslovni partnerji (dostavne slu\u017ebe) so odgovorni za spo\u0161tovanje na\u010del varovanja zasebnosti.   <\/span><\/p>\n<h3><strong><span style=\"font-size: 21px;\">Kako uporabljamo va\u0161e podatke<\/span><\/strong><\/h3>\n<p> Zbrani <span style=\"color: var( --e-global-color-text ); font-family: var( --e-global-typography-text-font-family ), Sans-serif; font-size: 15px; font-weight: var( --e-global-typography-text-font-weight );\">osebni<\/span> <span style=\"font-size: 15px; font-weight: 400; color: #7a7a7a; font-family: Roboto, sans-serif;\">podatki se obdelujejo za naslednje namene:<\/span><\/p>\n<p><span style=\"color: #7a7a7a; font-family: Roboto, sans-serif;\"><span style=\"font-size: 15px; font-weight: 400;\">Da bi lahko z va\u0161im soglasjem odgovorili na va\u0161e povpra\u0161evanje, ki ste nam ga poslali preko kontaktnega obrazca in nastavili pi\u0161kotke in podobne tehnologije, kot je opisano spodaj.<\/span><\/span> <span style=\"font-size: 15px; font-weight: 400; color: #7a7a7a; font-family: Roboto, sans-serif;\">Da bi lahko izpolnjevali na\u0161e zakonite poslovne interese, zlasti: analizirati uporabo na\u0161ega spletnega mesta z namenom nenehnega izbolj\u0161evanja vsebine in merjenja uspe\u0161nosti ter prilagoditi uporabo na\u0161ega spletnega mesta in na\u0161e komunikacije va\u0161im potrebam in navadam<\/span> <span style=\"font-size: 15px; font-weight: 400; color: #7a7a7a; font-family: Roboto, sans-serif;\">bi odgovorili na zahteve dr\u017eavnih organov po informacijah.<\/span><\/p>\n<h3><strong><span style=\"font-size: 21px;\">Deljenje va\u0161ih osebnih podatkov<\/span><\/strong><\/h3>\n<p><span style=\"font-size: 15px; font-weight: 400; color: #7a7a7a; font-family: Roboto, sans-serif;\">Tukaj je izrecno navedeno, da osebnih podatkov uporabnika ne bomo prodajali ali uporabljali na kakr\u0161en koli drug na\u010din, razen zgoraj navedenega, ali posredovali tretji osebi brez va\u0161e posebne odobritve. Na\u0161e spletno mesto lahko vsebuje povezave do drugih spletnih mest, nad katerimi nimamo nadzora. Ta\u0161kica Handmade ni odgovorna za politike ali prakse varstva osebnih podatkov drugih spletnih mest.  <\/span><\/p>\n<p><\/p>\t\t\t\t\t\t\t\t<\/div>\n\t\t\t\t<\/div>\n\t\t\t\t\t<\/div>\n\t\t<\/div>\n\t\t\t\t\t<\/div>\n\t\t<\/section>\n\t\t\t\t<\/div>\n\t\t","protected":false},"excerpt":{"rendered":"<p>ostalo Spletna trgovina www.taskicahandmade.hr je spletna trgovina za prodajo bomba\u017enih trakov, torbic, dodatkov in podobnih izdelkov. Splo\u0161ni pogoji spletne trgovine so sestavljeni v skladu z Zakonom o varstvu potro\u0161nikov (ZZP), Zakonom o avtorski in sorodnih pravicah (ZAPSP) in Zakonom o elektronskih komunikacijah (ZEK). S spletno trgovino upravlja obrt Ta\u0161kica Handmade, obrt za proizvodnjo, storitve in trgovino, last Slunjski Deni, Male [&hellip;]<\/p>\n","protected":false},"author":1,"featured_media":0,"parent":0,"menu_order":0,"comment_status":"closed","ping_status":"closed","template":"","meta":{"om_disable_all_campaigns":false,"footnotes":""},"class_list":["post-2150","page","type-page","status-publish","hentry"],"aioseo_notices":[],"_links":{"self":[{"href":"https:\/\/taskicahandmade.hr\/sl\/wp-json\/wp\/v2\/pages\/2150","targetHints":{"allow":["GET"]}}],"collection":[{"href":"https:\/\/taskicahandmade.hr\/sl\/wp-json\/wp\/v2\/pages"}],"about":[{"href":"https:\/\/taskicahandmade.hr\/sl\/wp-json\/wp\/v2\/types\/page"}],"author":[{"embeddable":true,"href":"https:\/\/taskicahandmade.hr\/sl\/wp-json\/wp\/v2\/users\/1"}],"replies":[{"embeddable":true,"href":"https:\/\/taskicahandmade.hr\/sl\/wp-json\/wp\/v2\/comments?post=2150"}],"version-history":[{"count":4,"href":"https:\/\/taskicahandmade.hr\/sl\/wp-json\/wp\/v2\/pages\/2150\/revisions"}],"predecessor-version":[{"id":2158,"href":"https:\/\/taskicahandmade.hr\/sl\/wp-json\/wp\/v2\/pages\/2150\/revisions\/2158"}],"wp:attachment":[{"href":"https:\/\/taskicahandmade.hr\/sl\/wp-json\/wp\/v2\/media?parent=2150"}],"curies":[{"name":"wp","href":"https:\/\/api.w.org\/{rel}","templated":true}]}}