{"id":2185,"date":"2024-01-11T10:07:08","date_gmt":"2024-01-11T10:07:08","guid":{"rendered":"https:\/\/taskicahandmade.hr\/pogoji-poslovanja\/"},"modified":"2024-10-31T08:21:15","modified_gmt":"2024-10-31T08:21:15","slug":"pogoji-poslovanja","status":"publish","type":"page","link":"https:\/\/taskicahandmade.hr\/sl\/pogoji-poslovanja\/","title":{"rendered":"Pogoji poslovanja"},"content":{"rendered":"\t\t<div data-elementor-type=\"wp-page\" data-elementor-id=\"2185\" class=\"elementor elementor-2185 elementor-10\">\n\t\t\t\t\t\t<section class=\"elementor-section elementor-top-section elementor-element elementor-element-12a85f65 elementor-section-boxed elementor-section-height-default elementor-section-height-default\" data-id=\"12a85f65\" data-element_type=\"section\" data-e-type=\"section\">\n\t\t\t\t\t\t<div class=\"elementor-container elementor-column-gap-default\">\n\t\t\t\t\t<div class=\"elementor-column elementor-col-100 elementor-top-column elementor-element elementor-element-75458546\" data-id=\"75458546\" data-element_type=\"column\" data-e-type=\"column\">\n\t\t\t<div class=\"elementor-widget-wrap elementor-element-populated\">\n\t\t\t\t\t\t<div class=\"elementor-element elementor-element-65eafe22 elementor-widget elementor-widget-text-editor\" data-id=\"65eafe22\" data-element_type=\"widget\" data-e-type=\"widget\" data-widget_type=\"text-editor.default\">\n\t\t\t\t<div class=\"elementor-widget-container\">\n\t\t\t\t\t\t\t\t\t<p><\/p>\n<h3><strong><span style=\"color: #030303; font-family: Inter, sans-serif; font-size: 21px;\">Na splo\u0161no<\/span><\/strong><\/h3>\n<p><\/p>\n<p><\/p>\n<p>Spletna trgovina www.taskicahandmade.hr je spletna trgovina za prodajo bomba\u017enih trakov, torbic, dodatkov in podobnih izdelkov. Splo\u0161ni pogoji spletne trgovine so sestavljeni v skladu z Zakonom o varstvu potro\u0161nikov (ZZP), Zakonom o avtorski in sorodnih pravicah (ZAPSP) in Zakonom o elektronskih komunikacijah (ZEK). <\/p>\n<p>S spletno trgovino upravlja obrt Ta\u0161kica Handmade, obrt za proizvodnjo, storitve in trgovino, last Slunjski Deni, Male Ledine 31, 42202 Trnovec. OIB: 80586825368.  <\/p>\n<p>Splo\u0161ni pogoji poslovanja dolo\u010dajo delovanje spletne trgovine www.taskicahandmade.hr, pravice in obveznosti uporabnika in trgovine ter urejajo poslovni odnos med spletno trgovino www.taskicahandmade.hr in kupcem. Ta\u0161kica Handmade si pridr\u017euje pravico do spremembe splo\u0161nih pogojev na spletni strani www.taskicahandmade.hr kadarkoli in brez predhodnega obvestila. Vse spremembe splo\u0161nih pogojev so za uporabnike zavezujo\u010de. Uporabnika zavezujejo splo\u0161ni pogoji, veljavni v trenutku oddaje spletnega naro\u010dila. Ob oddaji naro\u010dila je uporabnik opozorjen na splo\u0161ne pogoje poslovanja in z oddajo naro\u010dila potrjuje, da se z njimi strinja.    <\/p>\n<h3><span style=\"color: #030303; font-family: Inter, sans-serif;\"><span style=\"font-size: 21px;\"><b>Cene<\/b><\/span><\/span><\/h3>\n<p><span style=\"font-family: var( --e-global-typography-text-font-family ), Sans-serif; font-weight: var( --e-global-typography-text-font-weight );\">Cene izdelkov so izra\u017eene v evrih (EUR) in ne vsebujejo DDV (Ta\u0161kica Handmade je pav\u0161alna obrt in ni vklju\u010dena v sistem DDV). Cene veljajo v trenutku naro\u010dila. <\/span><\/p>\n<p>Popusti, promocijske kode in kuponi se ne se\u0161tevajo. Vpla\u010dana sredstva na darilne bone, bonuse in predra\u010dune se ne obrestujejo. DVO med prodajalcem in kupcem stopi v veljavo v trenutku, ko ponudnik potrdi (kupec prejme e-mail s potrditvijo naro\u010dila). Od tega trenutka so vse cene in drugi pogoji fiksirani in veljajo tako za ponudnika kot za kupca. Pridr\u017eujemo si pravico do napak pri objavi cen. V primeru nepravilno navedene cene ali v primeru, da se cena izdelka spremeni med obdelavo, bo www.taskicahandmade.hr kupcu omogo\u010dil odstopanje od naro\u010dila.     <\/p>\n<h3><span style=\"color: #030303; font-family: Inter, sans-serif;\"><span style=\"font-size: 21px;\"><b>Mo\u017enosti pla\u010dila<\/b><\/span><\/span><\/h3>\n<p><\/p>\n<p><\/p>\n<p>Trgovina www.taskicahandmade.hr omogo\u010da naslednje na\u010dine pla\u010dila:<\/p>\n<ul>\n<li>debetno ali kreditno kartico (Visa, Mastercard\u00ae, Maestro\u00ae, Diners, Discover)<\/li>\n<li>Ponudba s pla\u010dilom na ra\u010dun Erste Bank: HR31 2402 0061 1405 5980 8<\/li>\n<li>Pla\u010dilo po povzetju<\/li>\n<\/ul>\n<h3><span style=\"color: #030303; font-family: Inter, sans-serif;\"><span style=\"font-size: 21px;\"><b>Izjava o varnosti spletnega pla\u010dila<\/b><\/span><\/span><span style=\"color: #030303; font-family: Inter, sans-serif;\"><span style=\"font-size: 21px;\"><b><br><\/b><\/span><\/span><\/h3>\n<p>Pri pla\u010devanju v na\u0161i spletni trgovini uporabite CorvusPay &#8211; napreden sistem za varno sprejemanje pla\u010dilnih kartic preko interneta. Sistem CorvusPay zagotavlja popolno tajnost va\u0161e kartice in osebnih podatkov od trenutka, ko jih vnesete v pla\u010dilni obrazec CorvusPay. Podatki o pla\u010dilu se \u0161ifrirano prena\u0161ajo iz va\u0161ega spletnega brskalnika v banko, ki je izdala va\u0161o kartico. Na\u0161a trgovina nikoli ne pride v stik s popolnimi podatki o va\u0161i pla\u010dilni kartici. Prav tako so podatki nedostopni tudi zaposlenim v sistemu CorvusPay. Izolirano jedro neodvisno prena\u0161a in upravlja ob\u010dutljive podatke ter jih ohranja popolnoma varne.       <\/p>\n<p>Obrazec za vnos pla\u010dilnih podatkov je zavarovan s transportno kodo SSL najvi\u0161je zanesljivosti. Vsi shranjeni podatki so dodatno za\u0161\u010diteni s \u0161ifriranjem s kriptografsko napravo, certificirano po standardu FIPS 140-2 Level 3. CorvusPay izpolnjuje vse zahteve glede varnosti spletnega pla\u010devanja, ki jih predpisujejo vodilne karti\u010dne znamke, to pomeni, da deluje v skladu z normo &#8211; PCI DSS Level 1 &#8211; najvi\u0161jim varnostnim standardom industrije pla\u010dilnih kartic. Pri pla\u010devanju s karticami, vklju\u010denimi v program 3-D Secure, va\u0161a banka poleg veljavnosti same kartice potrdi va\u0161o identiteto tudi s pomo\u010djo tokena ali gesla.     <\/p>\n<p>Corvus Pay vse zbrane podatke obravnava kot zaupne in jih ustrezno obravnava. Podatki se uporabljajo izklju\u010dno za namene, za katere so namenjeni. Va\u0161i ob\u010dutljivi podatki so popolnoma varni, njihovo zasebnost pa zagotavljajo najsodobnej\u0161i za\u0161\u010ditni mehanizmi. Zbirajo se le podatki, ki so potrebni za opravljanje dela v skladu s predpisanimi zahtevnimi postopki za spletno pla\u010devanje.     <\/p>\n<p>Varnostni nadzor in operativni postopki, ki se uporabljajo za na\u0161o infrastrukturo, zagotavljajo takoj\u0161njo zanesljivost sistema CorvusPay. Poleg tega s strogim nadzorom dostopa, rednim varnostnim nadzorom in poglobljenimi pregledi za prepre\u010devanje ranljivosti omre\u017eja ter na\u010drtnim izvajanjem dolo\u010dil o informacijski varnosti trajno vzdr\u017eujejo in izbolj\u0161ujejo raven sistemske varnosti z varovanjem va\u0161ih karti\u010dnih podatkov.   <\/p>\n<p>Hvala, ker uporabljate CorvusPay!<\/p>\n<h3><span style=\"color: #030303; font-family: Inter, sans-serif;\"><span style=\"font-size: 21px;\"><b>Prito\u017ebe<\/b><\/span><\/span><\/h3>\n<p>Reklamacijo sprejemamo za nerazrezan material s predlaganim ra\u010dunom. Potro\u0161nik lahko reklamira material, \u010de material ni v kakovosti, ki jo je dolo\u010dil prodajalec, \u010de je prodajalec poslal napa\u010den material, material napa\u010dne barve, koli\u010dine, \u010de ima material napako ali \u010de material odstopa od naro\u010dila kupca. . Potro\u0161nik lahko blago reklamira 15 dni po prejemu blaga s predlo\u017eitvijo kopije originalnega ra\u010duna.    <span style=\"font-family: var( --e-global-typography-text-font-family ), Sans-serif; font-weight: var( --e-global-typography-text-font-weight );\">Prodajalec odgovarja za skrite napake na materialu, ne odgovarja pa za \u0161kodo, nastalo zaradi neustreznega vzdr\u017eevanja ali ravnanja.  <\/span><span style=\"font-family: var( --e-global-typography-text-font-family ), Sans-serif; font-weight: var( --e-global-typography-text-font-weight );\">V primeru upravi\u010dene reklamacije ima potro\u0161nik mo\u017enost zamenjave izdelka za enak ali podoben, zamenjave za drug material ali vra\u010dila denarja. V primeru neupravi\u010dene reklamacije se blago vrne potro\u0161niku na njegove stro\u0161ke.   <\/span><span style=\"font-family: var( --e-global-typography-text-font-family ), Sans-serif; font-weight: var( --e-global-typography-text-font-weight );\">Potro\u0161nik reklamirano blago vrne na svoje stro\u0161ke.  <\/span><span style=\"font-family: var( --e-global-typography-text-font-family ), Sans-serif; font-weight: var( --e-global-typography-text-font-weight );\">V primeru, da je bil paket med dostavo po\u0161kodovan, je potrebno uveljavljati reklamacijo pri slu\u017ebi, ki je dostavila in o tem obvestiti Ta\u0161kica Handmade na elektronski naslov taskica@taskicahandmade.hr.<\/span><\/p>\n<h3><span style=\"font-weight: bold; color: #030303; font-family: Inter, sans-serif; font-size: 21px;\">Prekinitev pogodbe in vra\u010dilo<\/span><\/h3>\n<p>Potro\u0161nik lahko v 14 dneh od izro\u010ditve blaga potro\u0161niku enostransko odstopi od pogodbe brez navedbe razloga.  <span style=\"font-family: var( --e-global-typography-text-font-family ), Sans-serif; font-weight: var( --e-global-typography-text-font-weight );\">Potro\u0161nik nima pravice do enostranske odpovedi pogodbe, \u010de je predmet pogodbe blago, ki je zaradi svoje narave po dostavi nelo\u010dljivo pome\u0161ano z drugimi stvarmi.  <\/span><span style=\"font-family: var( --e-global-typography-text-font-family ), Sans-serif; font-weight: var( --e-global-typography-text-font-weight );\">Da bi potro\u0161nik lahko uveljavil pravico do enostranske odpovedi pogodbe, mora Ta\u0161kico Handmade svojo odlo\u010ditev o enostranski odpovedi pogodbe obvestiti pred iztekom roka z izjavo v prosti obliki, poslano po po\u0161ti ( Ta\u0161kica Handmade , Male Ledine 31, 42202 Trnovec) ali po e-po\u0161ti na naslov taskica@taskicahandmade .hr v katerem je potrebno navesti:<\/span><\/p>\n<ul>\n<li>telefonska \u0161tevilka,<\/li>\n<li><span style=\"font-family: var( --e-global-typography-text-font-family ), Sans-serif; font-weight: var( --e-global-typography-text-font-weight );\">elektronski naslov,<\/span><\/li>\n<li>naslov,<\/li>\n<li>ime in priimek,<\/li>\n<li>datum ra\u010duna in<\/li>\n<li>\u0161tevilka ra\u010duna<\/li>\n<\/ul>\n<p><span style=\"font-family: var( --e-global-typography-text-font-family ), Sans-serif; font-weight: var( --e-global-typography-text-font-weight );\">\u010ce potro\u0161nik enostransko odstopi od pogodbe, se mu vrne denar, ki ga je prejel od njega, vklju\u010dno s stro\u0161ki dostave, brez odla\u0161anja, najkasneje pa v 14 (\u0161tirinajstih) dneh od dneva, ko Ta\u0161kica Handmade prejme odlo\u010ditev uporabnika o enostranski prekinitvi pogodbe. Vra\u010dilo se izvede s pla\u010dilom na ra\u010dun potro\u0161nika. Ta\u0161kica Handmade lahko vrne kupnino \u0161ele, ko je blago vrnjeno na spodnji naslov.    <\/span><span style=\"font-family: var( --e-global-typography-text-font-family ), Sans-serif; font-weight: var( --e-global-typography-text-font-weight );\">V skladu s 3. to\u010dko 77. \u010dlena nosi potro\u0161nik le neposredne stro\u0161ke vra\u010dila blaga.    <\/span><span style=\"font-family: var( --e-global-typography-text-font-family ), Sans-serif; font-weight: var( --e-global-typography-text-font-weight );\">Potro\u0161nik je dol\u017ean blago izro\u010diti ali poslati na naslov Ta\u0161kica Handmade, Male Ledine 31, 42202 Trnovec, brez nepotrebnega odla\u0161anja, v vsakem primeru pa najkasneje v 14 (\u0161tirinajstih) dneh od dneva, ko je Ta\u0161kica Handmade poslala odlo\u010ditev o enostranski odpovedi pogodbe.<\/span><\/p>\n<h3><span style=\"font-weight: bold; color: #030303; font-family: Inter, sans-serif; font-size: 21px;\">Dostava in po\u0161tnina<\/span><span style=\"font-family: var( --e-global-typography-text-font-family ), Sans-serif; font-weight: var( --e-global-typography-text-font-weight );\"><br><\/span><\/h3>\n<p><span style=\"font-family: var( --e-global-typography-text-font-family ), Sans-serif; font-weight: var( --e-global-typography-text-font-weight );\">Ta\u0161kica Handmade ima sklenjen dogovor z BoxNow za po\u0161iljanje na Hrva\u0161kem preko paketomatov po cenah od 1,99 do 5,99 evra.<\/span><\/p>\n<p><span style=\"font-family: var( --e-global-typography-text-font-family ), Sans-serif; font-weight: var( --e-global-typography-text-font-weight );\">Ta\u0161kica Handmade ima sklenjeno pogodbo z MBE doo za po\u0161iljanje na Hrva\u0161kem po cenah od 4,99 do 12,99 eur.  <\/span><\/p>\n<p>Ta\u0161kica Handmade ima z MBE doo sklenjeno pogodbo za po\u0161iljanje v Evropski uniji po cenah od 12,99 do 79,99 eur.<\/p>\n<p>Za druge dr\u017eave po\u0161ljite povpra\u0161evanje o dostavi.<\/p>\n<h3><span style=\"color: #030303; font-family: Inter, sans-serif;\"><span style=\"font-size: 21px;\"><b>ostalo<\/b><\/span><\/span><\/h3>\n<p>Zaradi razli\u010dnih nastavitev monitorja so mo\u017ena odstopanja v odtenku materiala. Izdelek se lahko razlikuje v odtenku zaradi same serije materiala. Nobeden od teh dveh razlogov ni utemeljen razlog za vra\u010dilo blaga.    <\/p>\n<p>\u010ce izdelka ni na zalogi v naro\u010deni koli\u010dini, vas bomo o tem obvestili po telefonu ali e-po\u0161ti in se dogovorili za podalj\u0161anje dobavnega roka, zamenjavo izdelka ali preklic naro\u010dila.<\/p>\n<p>Vse morebitne spore, nastale pri uporabi spletne trgovine www.taskicahandmade.hr med kupcem in podjetjem Ta\u0161kica Handmade, bosta stranki posku\u0161ali re\u0161evati sporazumno. \u010ce to ne bo mogo\u010de, je za re\u0161evanje sporov pristojno Gospodarsko sodi\u0161\u010de v Vara\u017edinu. <\/p>\n<p><\/p>\n<p><\/p>\n<p>\u010ce potrebujete pomo\u010d, nas lahko kontaktirate preko elektronskega naslova taskica@taskicahandmade.hr<\/p>\n<p><\/p>\t\t\t\t\t\t\t\t<\/div>\n\t\t\t\t<\/div>\n\t\t\t\t\t<\/div>\n\t\t<\/div>\n\t\t\t\t\t<\/div>\n\t\t<\/section>\n\t\t\t\t<\/div>\n\t\t","protected":false},"excerpt":{"rendered":"<p>Na splo\u0161no Spletna trgovina www.taskicahandmade.hr je spletna trgovina za prodajo bomba\u017enih trakov, torbic, dodatkov in podobnih izdelkov. Splo\u0161ni pogoji spletne trgovine so sestavljeni v skladu z Zakonom o varstvu potro\u0161nikov (ZZP), Zakonom o avtorski in sorodnih pravicah (ZAPSP) in Zakonom o elektronskih komunikacijah (ZEK). S spletno trgovino upravlja obrt Ta\u0161kica Handmade, obrt za proizvodnjo, storitve in trgovino, last Slunjski Deni, [&hellip;]<\/p>\n","protected":false},"author":1,"featured_media":0,"parent":0,"menu_order":0,"comment_status":"closed","ping_status":"closed","template":"","meta":{"om_disable_all_campaigns":false,"footnotes":""},"class_list":["post-2185","page","type-page","status-publish","hentry"],"aioseo_notices":[],"_links":{"self":[{"href":"https:\/\/taskicahandmade.hr\/sl\/wp-json\/wp\/v2\/pages\/2185","targetHints":{"allow":["GET"]}}],"collection":[{"href":"https:\/\/taskicahandmade.hr\/sl\/wp-json\/wp\/v2\/pages"}],"about":[{"href":"https:\/\/taskicahandmade.hr\/sl\/wp-json\/wp\/v2\/types\/page"}],"author":[{"embeddable":true,"href":"https:\/\/taskicahandmade.hr\/sl\/wp-json\/wp\/v2\/users\/1"}],"replies":[{"embeddable":true,"href":"https:\/\/taskicahandmade.hr\/sl\/wp-json\/wp\/v2\/comments?post=2185"}],"version-history":[{"count":4,"href":"https:\/\/taskicahandmade.hr\/sl\/wp-json\/wp\/v2\/pages\/2185\/revisions"}],"predecessor-version":[{"id":2196,"href":"https:\/\/taskicahandmade.hr\/sl\/wp-json\/wp\/v2\/pages\/2185\/revisions\/2196"}],"wp:attachment":[{"href":"https:\/\/taskicahandmade.hr\/sl\/wp-json\/wp\/v2\/media?parent=2185"}],"curies":[{"name":"wp","href":"https:\/\/api.w.org\/{rel}","templated":true}]}}