{"id":2902,"date":"2024-11-27T10:28:10","date_gmt":"2024-11-27T10:28:10","guid":{"rendered":"https:\/\/taskicahandmade.hr\/sejmi\/"},"modified":"2024-11-27T10:37:03","modified_gmt":"2024-11-27T10:37:03","slug":"sejmi","status":"publish","type":"page","link":"https:\/\/taskicahandmade.hr\/sl\/sejmi\/","title":{"rendered":"Sejmi"},"content":{"rendered":"\t\t<div data-elementor-type=\"wp-page\" data-elementor-id=\"2902\" class=\"elementor elementor-2902 elementor-2876\">\n\t\t\t\t\t\t<section class=\"elementor-section elementor-top-section elementor-element elementor-element-d0c4887 elementor-section-boxed elementor-section-height-default elementor-section-height-default\" data-id=\"d0c4887\" data-element_type=\"section\" data-e-type=\"section\">\n\t\t\t\t\t\t<div class=\"elementor-container elementor-column-gap-default\">\n\t\t\t\t\t<div class=\"elementor-column elementor-col-100 elementor-top-column elementor-element elementor-element-794641b\" data-id=\"794641b\" data-element_type=\"column\" data-e-type=\"column\">\n\t\t\t<div class=\"elementor-widget-wrap elementor-element-populated\">\n\t\t\t\t\t\t<div class=\"elementor-element elementor-element-6f661b2 elementor-widget elementor-widget-heading\" data-id=\"6f661b2\" data-element_type=\"widget\" data-e-type=\"widget\" data-widget_type=\"heading.default\">\n\t\t\t\t<div class=\"elementor-widget-container\">\n\t\t\t\t\t<h2 class=\"elementor-heading-title elementor-size-default\">Projekt Ilica 24.11.2024.<\/h2>\t\t\t\t<\/div>\n\t\t\t\t<\/div>\n\t\t\t\t\t<\/div>\n\t\t<\/div>\n\t\t\t\t\t<\/div>\n\t\t<\/section>\n\t\t\t\t<section class=\"elementor-section elementor-top-section elementor-element elementor-element-e5f69bf elementor-section-boxed elementor-section-height-default elementor-section-height-default\" data-id=\"e5f69bf\" data-element_type=\"section\" data-e-type=\"section\">\n\t\t\t\t\t\t<div class=\"elementor-container elementor-column-gap-default\">\n\t\t\t\t\t<div class=\"elementor-column elementor-col-100 elementor-top-column elementor-element elementor-element-cb1b602\" data-id=\"cb1b602\" data-element_type=\"column\" data-e-type=\"column\">\n\t\t\t<div class=\"elementor-widget-wrap elementor-element-populated\">\n\t\t\t\t\t\t<div class=\"elementor-element elementor-element-ce0e2c1 elementor-widget elementor-widget-text-editor\" data-id=\"ce0e2c1\" data-element_type=\"widget\" data-e-type=\"widget\" data-widget_type=\"text-editor.default\">\n\t\t\t\t<div class=\"elementor-widget-container\">\n\t\t\t\t\t\t\t\t\t<p>\u0160e en uspe\u0161en sejem. Od strank smo prejeli veliko pozitivnih odzivov. Upamo, da boste \u0161e naprej zadovoljni z na\u0161imi trakovi.  <\/p>\n<p>\u010cudovit ili\u0161ki projekt Qart, kamor prihajajo \u0161tevilni razstavljavci in obrtniki, si lahko ogledate na tej povezavi:<\/p>\n<p><a href=\"https:\/\/projektilica.com\/\" target=\"_blank\" rel=\"noopener\">https:\/\/projektilica.com\/<\/a><\/p>\n\t\t\t\t\t\t\t\t<\/div>\n\t\t\t\t<\/div>\n\t\t\t\t\t<\/div>\n\t\t<\/div>\n\t\t\t\t\t<\/div>\n\t\t<\/section>\n\t\t\t\t<section class=\"elementor-section elementor-top-section elementor-element elementor-element-d219513 elementor-section-boxed elementor-section-height-default elementor-section-height-default\" data-id=\"d219513\" data-element_type=\"section\" data-e-type=\"section\">\n\t\t\t\t\t\t<div class=\"elementor-container elementor-column-gap-default\">\n\t\t\t\t\t<div class=\"elementor-column elementor-col-100 elementor-top-column elementor-element elementor-element-55a6549\" data-id=\"55a6549\" data-element_type=\"column\" data-e-type=\"column\">\n\t\t\t<div class=\"elementor-widget-wrap elementor-element-populated\">\n\t\t\t\t\t\t<div class=\"elementor-element elementor-element-9c4a787 elementor-widget__width-initial elementor-widget elementor-widget-image\" data-id=\"9c4a787\" data-element_type=\"widget\" data-e-type=\"widget\" data-widget_type=\"image.default\">\n\t\t\t\t<div class=\"elementor-widget-container\">\n\t\t\t\t\t\t\t\t\t\t\t\t\t\t\t<img fetchpriority=\"high\" decoding=\"async\" width=\"720\" height=\"540\" src=\"https:\/\/taskicahandmade.hr\/wp-content\/uploads\/2024\/11\/20241124_091212-1-1024x768.jpg\" class=\"attachment-large size-large wp-image-2896\" alt=\"\" srcset=\"https:\/\/taskicahandmade.hr\/wp-content\/uploads\/2024\/11\/20241124_091212-1-1024x768.jpg 1024w, https:\/\/taskicahandmade.hr\/wp-content\/uploads\/2024\/11\/20241124_091212-1-300x225.jpg 300w, https:\/\/taskicahandmade.hr\/wp-content\/uploads\/2024\/11\/20241124_091212-1-768x576.jpg 768w, https:\/\/taskicahandmade.hr\/wp-content\/uploads\/2024\/11\/20241124_091212-1-1536x1152.jpg 1536w, https:\/\/taskicahandmade.hr\/wp-content\/uploads\/2024\/11\/20241124_091212-1-2048x1536.jpg 2048w, https:\/\/taskicahandmade.hr\/wp-content\/uploads\/2024\/11\/20241124_091212-1-1320x990.jpg 1320w, https:\/\/taskicahandmade.hr\/wp-content\/uploads\/2024\/11\/20241124_091212-1-200x150.jpg 200w\" sizes=\"(max-width: 720px) 100vw, 720px\" \/>\t\t\t\t\t\t\t\t\t\t\t\t\t\t\t<\/div>\n\t\t\t\t<\/div>\n\t\t\t\t\t<\/div>\n\t\t<\/div>\n\t\t\t\t\t<\/div>\n\t\t<\/section>\n\t\t\t\t<section class=\"elementor-section elementor-top-section elementor-element elementor-element-f8a083e elementor-section-boxed elementor-section-height-default elementor-section-height-default\" data-id=\"f8a083e\" data-element_type=\"section\" data-e-type=\"section\">\n\t\t\t\t\t\t<div class=\"elementor-container elementor-column-gap-default\">\n\t\t\t\t\t<div class=\"elementor-column elementor-col-100 elementor-top-column elementor-element elementor-element-009bc87\" data-id=\"009bc87\" data-element_type=\"column\" data-e-type=\"column\">\n\t\t\t<div class=\"elementor-widget-wrap elementor-element-populated\">\n\t\t\t\t\t\t<div class=\"elementor-element elementor-element-ccc3a09 elementor-widget elementor-widget-heading\" data-id=\"ccc3a09\" data-element_type=\"widget\" data-e-type=\"widget\" data-widget_type=\"heading.default\">\n\t\t\t\t<div class=\"elementor-widget-container\">\n\t\t\t\t\t<h2 class=\"elementor-heading-title elementor-size-default\">Obrtni sejem Vara\u017edin 20.4.2024.<\/h2>\t\t\t\t<\/div>\n\t\t\t\t<\/div>\n\t\t\t\t\t<\/div>\n\t\t<\/div>\n\t\t\t\t\t<\/div>\n\t\t<\/section>\n\t\t\t\t<section class=\"elementor-section elementor-top-section elementor-element elementor-element-ab4a2f8 elementor-section-boxed elementor-section-height-default elementor-section-height-default\" data-id=\"ab4a2f8\" data-element_type=\"section\" data-e-type=\"section\">\n\t\t\t\t\t\t<div class=\"elementor-container elementor-column-gap-default\">\n\t\t\t\t\t<div class=\"elementor-column elementor-col-100 elementor-top-column elementor-element elementor-element-6b9479c\" data-id=\"6b9479c\" data-element_type=\"column\" data-e-type=\"column\">\n\t\t\t<div class=\"elementor-widget-wrap elementor-element-populated\">\n\t\t\t\t\t\t<section class=\"elementor-section elementor-inner-section elementor-element elementor-element-96c2f6c elementor-section-boxed elementor-section-height-default elementor-section-height-default\" data-id=\"96c2f6c\" data-element_type=\"section\" data-e-type=\"section\">\n\t\t\t\t\t\t<div class=\"elementor-container elementor-column-gap-default\">\n\t\t\t\t\t<div class=\"elementor-column elementor-col-100 elementor-inner-column elementor-element elementor-element-06e5541\" data-id=\"06e5541\" data-element_type=\"column\" data-e-type=\"column\">\n\t\t\t<div class=\"elementor-widget-wrap elementor-element-populated\">\n\t\t\t\t\t\t<div class=\"elementor-element elementor-element-431292a elementor-widget__width-initial elementor-widget elementor-widget-image\" data-id=\"431292a\" data-element_type=\"widget\" data-e-type=\"widget\" data-widget_type=\"image.default\">\n\t\t\t\t<div class=\"elementor-widget-container\">\n\t\t\t\t\t\t\t\t\t\t\t\t\t\t\t<img decoding=\"async\" width=\"720\" height=\"357\" src=\"https:\/\/taskicahandmade.hr\/wp-content\/uploads\/2024\/11\/sajam_3_2024-1024x508.jpg\" class=\"attachment-large size-large wp-image-2893\" alt=\"\" srcset=\"https:\/\/taskicahandmade.hr\/wp-content\/uploads\/2024\/11\/sajam_3_2024-1024x508.jpg 1024w, https:\/\/taskicahandmade.hr\/wp-content\/uploads\/2024\/11\/sajam_3_2024-300x149.jpg 300w, https:\/\/taskicahandmade.hr\/wp-content\/uploads\/2024\/11\/sajam_3_2024-768x381.jpg 768w, https:\/\/taskicahandmade.hr\/wp-content\/uploads\/2024\/11\/sajam_3_2024-1536x762.jpg 1536w, https:\/\/taskicahandmade.hr\/wp-content\/uploads\/2024\/11\/sajam_3_2024-1320x655.jpg 1320w, https:\/\/taskicahandmade.hr\/wp-content\/uploads\/2024\/11\/sajam_3_2024-200x99.jpg 200w, https:\/\/taskicahandmade.hr\/wp-content\/uploads\/2024\/11\/sajam_3_2024.jpg 1920w\" sizes=\"(max-width: 720px) 100vw, 720px\" \/>\t\t\t\t\t\t\t\t\t\t\t\t\t\t\t<\/div>\n\t\t\t\t<\/div>\n\t\t\t\t\t<\/div>\n\t\t<\/div>\n\t\t\t\t\t<\/div>\n\t\t<\/section>\n\t\t\t\t\t<\/div>\n\t\t<\/div>\n\t\t\t\t\t<\/div>\n\t\t<\/section>\n\t\t\t\t<section class=\"elementor-section elementor-top-section elementor-element elementor-element-965855f elementor-section-boxed elementor-section-height-default elementor-section-height-default\" data-id=\"965855f\" data-element_type=\"section\" data-e-type=\"section\">\n\t\t\t\t\t\t<div class=\"elementor-container elementor-column-gap-default\">\n\t\t\t\t\t<div class=\"elementor-column elementor-col-100 elementor-top-column elementor-element elementor-element-eabb50b\" data-id=\"eabb50b\" data-element_type=\"column\" data-e-type=\"column\">\n\t\t\t<div class=\"elementor-widget-wrap elementor-element-populated\">\n\t\t\t\t\t\t<div class=\"elementor-element elementor-element-4b10dbc elementor-widget elementor-widget-heading\" data-id=\"4b10dbc\" data-element_type=\"widget\" data-e-type=\"widget\" data-widget_type=\"heading.default\">\n\t\t\t\t<div class=\"elementor-widget-container\">\n\t\t\t\t\t<h2 class=\"elementor-heading-title elementor-size-default\">Obrtni sejem Vara\u017edin 16.9.2023.<\/h2>\t\t\t\t<\/div>\n\t\t\t\t<\/div>\n\t\t\t\t\t<\/div>\n\t\t<\/div>\n\t\t\t\t\t<\/div>\n\t\t<\/section>\n\t\t\t\t<section class=\"elementor-section elementor-top-section elementor-element elementor-element-335962a elementor-section-boxed elementor-section-height-default elementor-section-height-default\" data-id=\"335962a\" data-element_type=\"section\" data-e-type=\"section\">\n\t\t\t\t\t\t<div class=\"elementor-container elementor-column-gap-default\">\n\t\t\t\t\t<div class=\"elementor-column elementor-col-100 elementor-top-column elementor-element elementor-element-13bc97d\" data-id=\"13bc97d\" data-element_type=\"column\" data-e-type=\"column\">\n\t\t\t<div class=\"elementor-widget-wrap elementor-element-populated\">\n\t\t\t\t\t\t<div class=\"elementor-element elementor-element-a7933dd elementor-widget elementor-widget-text-editor\" data-id=\"a7933dd\" data-element_type=\"widget\" data-e-type=\"widget\" data-widget_type=\"text-editor.default\">\n\t\t\t\t<div class=\"elementor-widget-container\">\n\t\t\t\t\t\t\t\t\t<p>16.9.2023. smo odradili prvi obrtni\u010dki sajam u Vara\u017edinu. Dobili smo jako pozitivne ocjene i informacije od svih kupaca. To nas je potaknulo da sami krenemo u proizvodnju t-shirt traka.     <\/p>\n\t\t\t\t\t\t\t\t<\/div>\n\t\t\t\t<\/div>\n\t\t\t\t\t<\/div>\n\t\t<\/div>\n\t\t\t\t\t<\/div>\n\t\t<\/section>\n\t\t\t\t<section class=\"elementor-section elementor-top-section elementor-element elementor-element-3f3697f elementor-section-boxed elementor-section-height-default elementor-section-height-default\" data-id=\"3f3697f\" data-element_type=\"section\" data-e-type=\"section\">\n\t\t\t\t\t\t<div class=\"elementor-container elementor-column-gap-default\">\n\t\t\t\t\t<div class=\"elementor-column elementor-col-100 elementor-top-column elementor-element elementor-element-cb11eb5\" data-id=\"cb11eb5\" data-element_type=\"column\" data-e-type=\"column\">\n\t\t\t<div class=\"elementor-widget-wrap elementor-element-populated\">\n\t\t\t\t\t\t<section class=\"elementor-section elementor-inner-section elementor-element elementor-element-0773386 elementor-section-boxed elementor-section-height-default elementor-section-height-default\" data-id=\"0773386\" data-element_type=\"section\" data-e-type=\"section\">\n\t\t\t\t\t\t<div class=\"elementor-container elementor-column-gap-default\">\n\t\t\t\t\t<div class=\"elementor-column elementor-col-50 elementor-inner-column elementor-element elementor-element-0a846a5\" data-id=\"0a846a5\" data-element_type=\"column\" data-e-type=\"column\">\n\t\t\t<div class=\"elementor-widget-wrap elementor-element-populated\">\n\t\t\t\t\t\t<div class=\"elementor-element elementor-element-4dae099 elementor-widget elementor-widget-image\" data-id=\"4dae099\" data-element_type=\"widget\" data-e-type=\"widget\" data-widget_type=\"image.default\">\n\t\t\t\t<div class=\"elementor-widget-container\">\n\t\t\t\t\t\t\t\t\t\t\t\t\t\t\t<img decoding=\"async\" width=\"720\" height=\"405\" src=\"https:\/\/taskicahandmade.hr\/wp-content\/uploads\/2024\/11\/sajam_9_2023_1-1024x576.jpg\" class=\"attachment-large size-large wp-image-2887\" alt=\"\" srcset=\"https:\/\/taskicahandmade.hr\/wp-content\/uploads\/2024\/11\/sajam_9_2023_1-1024x576.jpg 1024w, https:\/\/taskicahandmade.hr\/wp-content\/uploads\/2024\/11\/sajam_9_2023_1-300x169.jpg 300w, https:\/\/taskicahandmade.hr\/wp-content\/uploads\/2024\/11\/sajam_9_2023_1-768x432.jpg 768w, https:\/\/taskicahandmade.hr\/wp-content\/uploads\/2024\/11\/sajam_9_2023_1-1536x864.jpg 1536w, https:\/\/taskicahandmade.hr\/wp-content\/uploads\/2024\/11\/sajam_9_2023_1-2048x1152.jpg 2048w, https:\/\/taskicahandmade.hr\/wp-content\/uploads\/2024\/11\/sajam_9_2023_1-1320x743.jpg 1320w, https:\/\/taskicahandmade.hr\/wp-content\/uploads\/2024\/11\/sajam_9_2023_1-200x113.jpg 200w\" sizes=\"(max-width: 720px) 100vw, 720px\" \/>\t\t\t\t\t\t\t\t\t\t\t\t\t\t\t<\/div>\n\t\t\t\t<\/div>\n\t\t\t\t\t<\/div>\n\t\t<\/div>\n\t\t\t\t<div class=\"elementor-column elementor-col-50 elementor-inner-column elementor-element elementor-element-f02647b\" data-id=\"f02647b\" data-element_type=\"column\" data-e-type=\"column\">\n\t\t\t<div class=\"elementor-widget-wrap elementor-element-populated\">\n\t\t\t\t\t\t<div class=\"elementor-element elementor-element-770ba92 elementor-widget elementor-widget-image\" data-id=\"770ba92\" data-element_type=\"widget\" data-e-type=\"widget\" data-widget_type=\"image.default\">\n\t\t\t\t<div class=\"elementor-widget-container\">\n\t\t\t\t\t\t\t\t\t\t\t\t\t\t\t<img loading=\"lazy\" decoding=\"async\" width=\"720\" height=\"405\" src=\"https:\/\/taskicahandmade.hr\/wp-content\/uploads\/2024\/11\/sajam_9_2023-1024x576.jpg\" class=\"attachment-large size-large wp-image-2890\" alt=\"\" srcset=\"https:\/\/taskicahandmade.hr\/wp-content\/uploads\/2024\/11\/sajam_9_2023-1024x576.jpg 1024w, https:\/\/taskicahandmade.hr\/wp-content\/uploads\/2024\/11\/sajam_9_2023-300x169.jpg 300w, https:\/\/taskicahandmade.hr\/wp-content\/uploads\/2024\/11\/sajam_9_2023-768x432.jpg 768w, https:\/\/taskicahandmade.hr\/wp-content\/uploads\/2024\/11\/sajam_9_2023-1536x864.jpg 1536w, https:\/\/taskicahandmade.hr\/wp-content\/uploads\/2024\/11\/sajam_9_2023-2048x1152.jpg 2048w, https:\/\/taskicahandmade.hr\/wp-content\/uploads\/2024\/11\/sajam_9_2023-1320x743.jpg 1320w, https:\/\/taskicahandmade.hr\/wp-content\/uploads\/2024\/11\/sajam_9_2023-200x113.jpg 200w\" sizes=\"(max-width: 720px) 100vw, 720px\" \/>\t\t\t\t\t\t\t\t\t\t\t\t\t\t\t<\/div>\n\t\t\t\t<\/div>\n\t\t\t\t\t<\/div>\n\t\t<\/div>\n\t\t\t\t\t<\/div>\n\t\t<\/section>\n\t\t\t\t\t<\/div>\n\t\t<\/div>\n\t\t\t\t\t<\/div>\n\t\t<\/section>\n\t\t\t\t<\/div>\n\t\t","protected":false},"excerpt":{"rendered":"<p>Projekt Ilica 24.11.2024. \u0160e en uspe\u0161en sejem. Od strank smo prejeli veliko pozitivnih odzivov. Upamo, da boste \u0161e naprej zadovoljni z na\u0161imi trakovi. \u010cudovit ili\u0161ki projekt Qart, kamor prihajajo \u0161tevilni razstavljavci in obrtniki, si lahko ogledate na tej povezavi: https:\/\/projektilica.com\/ Obrtni sejem Vara\u017edin 20.4.2024. Obrtni sejem Vara\u017edin 16.9.2023. 16.9.2023. smo odradili prvi obrtni\u010dki sajam u Vara\u017edinu. Dobili smo jako pozitivne [&hellip;]<\/p>\n","protected":false},"author":9,"featured_media":0,"parent":0,"menu_order":0,"comment_status":"closed","ping_status":"closed","template":"","meta":{"om_disable_all_campaigns":false,"footnotes":""},"class_list":["post-2902","page","type-page","status-publish","hentry"],"aioseo_notices":[],"_links":{"self":[{"href":"https:\/\/taskicahandmade.hr\/sl\/wp-json\/wp\/v2\/pages\/2902","targetHints":{"allow":["GET"]}}],"collection":[{"href":"https:\/\/taskicahandmade.hr\/sl\/wp-json\/wp\/v2\/pages"}],"about":[{"href":"https:\/\/taskicahandmade.hr\/sl\/wp-json\/wp\/v2\/types\/page"}],"author":[{"embeddable":true,"href":"https:\/\/taskicahandmade.hr\/sl\/wp-json\/wp\/v2\/users\/9"}],"replies":[{"embeddable":true,"href":"https:\/\/taskicahandmade.hr\/sl\/wp-json\/wp\/v2\/comments?post=2902"}],"version-history":[{"count":2,"href":"https:\/\/taskicahandmade.hr\/sl\/wp-json\/wp\/v2\/pages\/2902\/revisions"}],"predecessor-version":[{"id":2908,"href":"https:\/\/taskicahandmade.hr\/sl\/wp-json\/wp\/v2\/pages\/2902\/revisions\/2908"}],"wp:attachment":[{"href":"https:\/\/taskicahandmade.hr\/sl\/wp-json\/wp\/v2\/media?parent=2902"}],"curies":[{"name":"wp","href":"https:\/\/api.w.org\/{rel}","templated":true}]}}