{"id":3267,"date":"2025-03-18T13:36:42","date_gmt":"2025-03-18T13:36:42","guid":{"rendered":"https:\/\/taskicahandmade.hr\/b2b\/"},"modified":"2025-03-18T13:43:03","modified_gmt":"2025-03-18T13:43:03","slug":"b2b","status":"publish","type":"page","link":"https:\/\/taskicahandmade.hr\/sl\/b2b\/","title":{"rendered":"B2B"},"content":{"rendered":"\t\t<div data-elementor-type=\"wp-page\" data-elementor-id=\"3267\" class=\"elementor elementor-3267 elementor-3260\">\n\t\t\t\t\t\t<section class=\"elementor-section elementor-top-section elementor-element elementor-element-4914dfa elementor-section-boxed elementor-section-height-default elementor-section-height-default\" data-id=\"4914dfa\" data-element_type=\"section\" data-e-type=\"section\">\n\t\t\t\t\t\t<div class=\"elementor-container elementor-column-gap-default\">\n\t\t\t\t\t<div class=\"elementor-column elementor-col-100 elementor-top-column elementor-element elementor-element-7e6b1d2\" data-id=\"7e6b1d2\" data-element_type=\"column\" data-e-type=\"column\">\n\t\t\t<div class=\"elementor-widget-wrap elementor-element-populated\">\n\t\t\t\t\t\t<div class=\"elementor-element elementor-element-c0fed58 elementor-widget elementor-widget-heading\" data-id=\"c0fed58\" data-element_type=\"widget\" data-e-type=\"widget\" data-widget_type=\"heading.default\">\n\t\t\t\t<div class=\"elementor-widget-container\">\n\t\t\t\t\t<h2 class=\"elementor-heading-title elementor-size-default\">I\u0161\u010demo poslovne partnerje<\/h2>\t\t\t\t<\/div>\n\t\t\t\t<\/div>\n\t\t\t\t\t<\/div>\n\t\t<\/div>\n\t\t\t\t\t<\/div>\n\t\t<\/section>\n\t\t\t\t<section class=\"elementor-section elementor-top-section elementor-element elementor-element-8c34736 elementor-section-boxed elementor-section-height-default elementor-section-height-default\" data-id=\"8c34736\" data-element_type=\"section\" data-e-type=\"section\">\n\t\t\t\t\t\t<div class=\"elementor-container elementor-column-gap-default\">\n\t\t\t\t\t<div class=\"elementor-column elementor-col-100 elementor-top-column elementor-element elementor-element-7f80b2e\" data-id=\"7f80b2e\" data-element_type=\"column\" data-e-type=\"column\">\n\t\t\t<div class=\"elementor-widget-wrap elementor-element-populated\">\n\t\t\t\t\t\t<div class=\"elementor-element elementor-element-aa6555a elementor-widget elementor-widget-text-editor\" data-id=\"aa6555a\" data-element_type=\"widget\" data-e-type=\"widget\" data-widget_type=\"text-editor.default\">\n\t\t\t\t<div class=\"elementor-widget-container\">\n\t\t\t\t\t\t\t\t\t<p>V Ta\u0161kici ponujamo mo\u017enost sodelovanja. \u010ce ste distributer izdelkov in \u017eelite raz\u0161iriti svoje poslovanje, nas kontaktirajte na <span style=\"color: #0000ff;\">business@taskicahandmade.hr<\/span> <\/p>\n<p>I\u0161\u010demo poslovne partnerje za naslednje dr\u017eave:<\/p><\/p>\n\t\t\t\t\t\t\t\t<\/div>\n\t\t\t\t<\/div>\n\t\t\t\t\t<\/div>\n\t\t<\/div>\n\t\t\t\t\t<\/div>\n\t\t<\/section>\n\t\t\t\t<section class=\"elementor-section elementor-top-section elementor-element elementor-element-bf3c764 elementor-section-boxed elementor-section-height-default elementor-section-height-default\" data-id=\"bf3c764\" data-element_type=\"section\" data-e-type=\"section\">\n\t\t\t\t\t\t<div class=\"elementor-container elementor-column-gap-default\">\n\t\t\t\t\t<div class=\"elementor-column elementor-col-100 elementor-top-column elementor-element elementor-element-4cc69cb\" data-id=\"4cc69cb\" data-element_type=\"column\" data-e-type=\"column\">\n\t\t\t<div class=\"elementor-widget-wrap elementor-element-populated\">\n\t\t\t\t\t\t<div class=\"elementor-element elementor-element-78256ac elementor-widget elementor-widget-text-editor\" data-id=\"78256ac\" data-element_type=\"widget\" data-e-type=\"widget\" data-widget_type=\"text-editor.default\">\n\t\t\t\t<div class=\"elementor-widget-container\">\n\t\t\t\t\t\t\t\t\t<ol>\n<li><span style=\"color: #000000;\">Slovenija<\/span><\/li>\n<li><span style=\"color: #000000;\">Bosna in Hercegovina<\/span><\/li>\n<li><span style=\"color: #000000;\">Srbija<\/span><\/li>\n<li><span style=\"color: #000000;\">\u010crna gora<\/span><\/li>\n<li><span style=\"color: #000000;\">Makedonija<\/span><\/li>\n<li><span style=\"color: #000000;\">Druge dr\u017eave Evropske unije<\/span><\/li>\n<\/ol>\n\t\t\t\t\t\t\t\t<\/div>\n\t\t\t\t<\/div>\n\t\t\t\t\t<\/div>\n\t\t<\/div>\n\t\t\t\t\t<\/div>\n\t\t<\/section>\n\t\t\t\t<\/div>\n\t\t","protected":false},"excerpt":{"rendered":"<p>I\u0161\u010demo poslovne partnerje V Ta\u0161kici ponujamo mo\u017enost sodelovanja. \u010ce ste distributer izdelkov in \u017eelite raz\u0161iriti svoje poslovanje, nas kontaktirajte na business@taskicahandmade.hr I\u0161\u010demo poslovne partnerje za naslednje dr\u017eave: Slovenija Bosna in Hercegovina Srbija \u010crna gora Makedonija Druge dr\u017eave Evropske unije<\/p>\n","protected":false},"author":9,"featured_media":0,"parent":0,"menu_order":0,"comment_status":"closed","ping_status":"closed","template":"","meta":{"om_disable_all_campaigns":false,"footnotes":""},"class_list":["post-3267","page","type-page","status-publish","hentry"],"aioseo_notices":[],"_links":{"self":[{"href":"https:\/\/taskicahandmade.hr\/sl\/wp-json\/wp\/v2\/pages\/3267","targetHints":{"allow":["GET"]}}],"collection":[{"href":"https:\/\/taskicahandmade.hr\/sl\/wp-json\/wp\/v2\/pages"}],"about":[{"href":"https:\/\/taskicahandmade.hr\/sl\/wp-json\/wp\/v2\/types\/page"}],"author":[{"embeddable":true,"href":"https:\/\/taskicahandmade.hr\/sl\/wp-json\/wp\/v2\/users\/9"}],"replies":[{"embeddable":true,"href":"https:\/\/taskicahandmade.hr\/sl\/wp-json\/wp\/v2\/comments?post=3267"}],"version-history":[{"count":1,"href":"https:\/\/taskicahandmade.hr\/sl\/wp-json\/wp\/v2\/pages\/3267\/revisions"}],"predecessor-version":[{"id":3268,"href":"https:\/\/taskicahandmade.hr\/sl\/wp-json\/wp\/v2\/pages\/3267\/revisions\/3268"}],"wp:attachment":[{"href":"https:\/\/taskicahandmade.hr\/sl\/wp-json\/wp\/v2\/media?parent=3267"}],"curies":[{"name":"wp","href":"https:\/\/api.w.org\/{rel}","templated":true}]}}