{"id":2348,"date":"2024-09-18T06:29:11","date_gmt":"2024-09-18T06:29:11","guid":{"rendered":"https:\/\/taskicahandmade.hr\/proizvod\/poliestrska-vrvica-pimotki-5-mm-graphite\/"},"modified":"2025-02-03T19:42:29","modified_gmt":"2025-02-03T19:42:29","slug":"poliestrska-vrvica-pimotki-5-mm-graphite","status":"publish","type":"product","link":"https:\/\/taskicahandmade.hr\/sl\/proizvod\/poliestrska-vrvica-pimotki-5-mm-graphite\/","title":{"rendered":"Poliestrska vrvica PIMOtki 5 mm &#8211; GRAPHITE"},"content":{"rendered":"<ul>\n<li>Najbolj\u0161a poliestrska ravna vrvica PIMOtki \u2013 poljske proizvodnje, ki pogosto nadome\u0161\u010da priljubljeno bomba\u017eno vrvico.<\/li>\n<li>Zaradi svojih lastnosti je popoln za torbe, ko\u0161are in preproge.<\/li>\n<li>Je lahka, mehka in udobna za kva\u010dkanje.<\/li>\n<li>Vodoodpornost in neuni\u010dljivost sta njegovi najve\u010dji prednosti.<\/li>\n<\/ul>\n","protected":false},"excerpt":{"rendered":"<ul>\n<li>brez jedra<\/li>\n<li>dol\u017eina vrvice 110 m +\/- 2 m<\/li>\n<li>te\u017ea 300 g<\/li>\n<li>sestava: 100% poliestrska svila<\/li>\n<li>\u0161irina 4-5 mm<\/li>\n<li>priporo\u010dena kljuka \u0161t. 4-5 <\/li>\n<\/ul>\n","protected":false},"featured_media":2050,"comment_status":"open","ping_status":"closed","template":"","meta":{"om_disable_all_campaigns":false},"product_brand":[],"product_cat":[125],"product_tag":[],"class_list":{"0":"post-2348","1":"product","2":"type-product","3":"status-publish","4":"has-post-thumbnail","6":"product_cat-poliestrska-vrvica-pimotki","8":"first","9":"instock","10":"shipping-taxable","11":"purchasable","12":"product-type-simple"},"aioseo_notices":[],"_links":{"self":[{"href":"https:\/\/taskicahandmade.hr\/sl\/wp-json\/wp\/v2\/product\/2348","targetHints":{"allow":["GET"]}}],"collection":[{"href":"https:\/\/taskicahandmade.hr\/sl\/wp-json\/wp\/v2\/product"}],"about":[{"href":"https:\/\/taskicahandmade.hr\/sl\/wp-json\/wp\/v2\/types\/product"}],"replies":[{"embeddable":true,"href":"https:\/\/taskicahandmade.hr\/sl\/wp-json\/wp\/v2\/comments?post=2348"}],"wp:featuredmedia":[{"embeddable":true,"href":"https:\/\/taskicahandmade.hr\/sl\/wp-json\/wp\/v2\/media\/2050"}],"wp:attachment":[{"href":"https:\/\/taskicahandmade.hr\/sl\/wp-json\/wp\/v2\/media?parent=2348"}],"wp:term":[{"taxonomy":"product_brand","embeddable":true,"href":"https:\/\/taskicahandmade.hr\/sl\/wp-json\/wp\/v2\/product_brand?post=2348"},{"taxonomy":"product_cat","embeddable":true,"href":"https:\/\/taskicahandmade.hr\/sl\/wp-json\/wp\/v2\/product_cat?post=2348"},{"taxonomy":"product_tag","embeddable":true,"href":"https:\/\/taskicahandmade.hr\/sl\/wp-json\/wp\/v2\/product_tag?post=2348"}],"curies":[{"name":"wp","href":"https:\/\/api.w.org\/{rel}","templated":true}]}}