{"id":2586,"date":"2024-11-26T11:43:49","date_gmt":"2024-11-26T11:43:49","guid":{"rendered":"https:\/\/taskicahandmade.hr\/proizvod\/dekoracija-za-vrata-snezaka\/"},"modified":"2024-11-25T20:09:05","modified_gmt":"2024-11-25T20:09:05","slug":"dekoracija-za-vrata-snezaka","status":"publish","type":"product","link":"https:\/\/taskicahandmade.hr\/sl\/proizvod\/dekoracija-za-vrata-snezaka\/","title":{"rendered":"Dekoracija za vrata sne\u017eaka"},"content":{"rendered":"<p>\u010cudovita dekoracija Sne\u017eak za vhodna vrata<br \/>\n Razveselite svoje goste s to dekoracijo za vhodna vrata.<\/p>\n<div style=\"width: 720px;\" class=\"wp-video\"><video class=\"wp-video-shortcode\" id=\"video-2586-1\" width=\"720\" height=\"405\" preload=\"metadata\" controls=\"controls\"><source type=\"video\/mp4\" src=\"https:\/\/taskicahandmade.hr\/wp-content\/uploads\/2024\/11\/snjesko_video-1.mp4?_=1\" \/><a href=\"https:\/\/taskicahandmade.hr\/wp-content\/uploads\/2024\/11\/snjesko_video-1.mp4\">https:\/\/taskicahandmade.hr\/wp-content\/uploads\/2024\/11\/snjesko_video-1.mp4<\/a><\/video><\/div>\n<p>&nbsp;<\/p>\n","protected":false},"excerpt":{"rendered":"<p>\u010cudovita dekoracija Sne\u017eak za vhodna vrata Razveselite svoje goste s to dekoracijo za vhodna vrata. &nbsp;<\/p>\n","protected":false},"featured_media":2575,"comment_status":"open","ping_status":"closed","template":"","meta":{"om_disable_all_campaigns":false},"product_brand":[],"product_cat":[128],"product_tag":[],"class_list":{"0":"post-2586","1":"product","2":"type-product","3":"status-publish","4":"has-post-thumbnail","6":"product_cat-okraski-za-dom","7":"it-has-gallery","9":"first","10":"instock","11":"shipping-taxable","12":"purchasable","13":"product-type-simple"},"aioseo_notices":[],"_links":{"self":[{"href":"https:\/\/taskicahandmade.hr\/sl\/wp-json\/wp\/v2\/product\/2586","targetHints":{"allow":["GET"]}}],"collection":[{"href":"https:\/\/taskicahandmade.hr\/sl\/wp-json\/wp\/v2\/product"}],"about":[{"href":"https:\/\/taskicahandmade.hr\/sl\/wp-json\/wp\/v2\/types\/product"}],"replies":[{"embeddable":true,"href":"https:\/\/taskicahandmade.hr\/sl\/wp-json\/wp\/v2\/comments?post=2586"}],"wp:featuredmedia":[{"embeddable":true,"href":"https:\/\/taskicahandmade.hr\/sl\/wp-json\/wp\/v2\/media\/2575"}],"wp:attachment":[{"href":"https:\/\/taskicahandmade.hr\/sl\/wp-json\/wp\/v2\/media?parent=2586"}],"wp:term":[{"taxonomy":"product_brand","embeddable":true,"href":"https:\/\/taskicahandmade.hr\/sl\/wp-json\/wp\/v2\/product_brand?post=2586"},{"taxonomy":"product_cat","embeddable":true,"href":"https:\/\/taskicahandmade.hr\/sl\/wp-json\/wp\/v2\/product_cat?post=2586"},{"taxonomy":"product_tag","embeddable":true,"href":"https:\/\/taskicahandmade.hr\/sl\/wp-json\/wp\/v2\/product_tag?post=2586"}],"curies":[{"name":"wp","href":"https:\/\/api.w.org\/{rel}","templated":true}]}}