{"id":2629,"date":"2024-11-25T14:45:16","date_gmt":"2024-11-25T14:45:16","guid":{"rendered":"https:\/\/taskicahandmade.hr\/proizvod\/pavla-torbica-rdeca\/"},"modified":"2024-11-25T14:49:16","modified_gmt":"2024-11-25T14:49:16","slug":"pavla-torbica-rdeca","status":"publish","type":"product","link":"https:\/\/taskicahandmade.hr\/sl\/proizvod\/pavla-torbica-rdeca\/","title":{"rendered":"Pavla torbica rde\u010da"},"content":{"rendered":"<p>\u010cudovita Pavla torbica za vse prilo\u017enosti.<\/p>\n","protected":false},"excerpt":{"rendered":"<p>\u010cudovita Pavla torbica za vse prilo\u017enosti.<\/p>\n","protected":false},"featured_media":2622,"comment_status":"open","ping_status":"closed","template":"","meta":{"om_disable_all_campaigns":false},"product_brand":[],"product_cat":[129],"product_tag":[],"class_list":{"0":"post-2629","1":"product","2":"type-product","3":"status-publish","4":"has-post-thumbnail","6":"product_cat-rocne-torbice","7":"it-has-gallery","9":"first","10":"instock","11":"shipping-taxable","12":"purchasable","13":"product-type-simple"},"aioseo_notices":[],"_links":{"self":[{"href":"https:\/\/taskicahandmade.hr\/sl\/wp-json\/wp\/v2\/product\/2629","targetHints":{"allow":["GET"]}}],"collection":[{"href":"https:\/\/taskicahandmade.hr\/sl\/wp-json\/wp\/v2\/product"}],"about":[{"href":"https:\/\/taskicahandmade.hr\/sl\/wp-json\/wp\/v2\/types\/product"}],"replies":[{"embeddable":true,"href":"https:\/\/taskicahandmade.hr\/sl\/wp-json\/wp\/v2\/comments?post=2629"}],"wp:featuredmedia":[{"embeddable":true,"href":"https:\/\/taskicahandmade.hr\/sl\/wp-json\/wp\/v2\/media\/2622"}],"wp:attachment":[{"href":"https:\/\/taskicahandmade.hr\/sl\/wp-json\/wp\/v2\/media?parent=2629"}],"wp:term":[{"taxonomy":"product_brand","embeddable":true,"href":"https:\/\/taskicahandmade.hr\/sl\/wp-json\/wp\/v2\/product_brand?post=2629"},{"taxonomy":"product_cat","embeddable":true,"href":"https:\/\/taskicahandmade.hr\/sl\/wp-json\/wp\/v2\/product_cat?post=2629"},{"taxonomy":"product_tag","embeddable":true,"href":"https:\/\/taskicahandmade.hr\/sl\/wp-json\/wp\/v2\/product_tag?post=2629"}],"curies":[{"name":"wp","href":"https:\/\/api.w.org\/{rel}","templated":true}]}}