{"id":2650,"date":"2024-11-25T14:56:40","date_gmt":"2024-11-25T14:56:40","guid":{"rendered":"https:\/\/taskicahandmade.hr\/proizvod\/kosarica-perla-mala\/"},"modified":"2024-11-25T15:00:05","modified_gmt":"2024-11-25T15:00:05","slug":"kosarica-perla-mala","status":"publish","type":"product","link":"https:\/\/taskicahandmade.hr\/sl\/proizvod\/kosarica-perla-mala\/","title":{"rendered":"Ko\u0161arica Perla mala"},"content":{"rendered":"<p>Ko\u0161ara, ki se lahko uporablja za ro\u017ee, bonbone in druge stvari.<br \/>\n Premer ko\u0161are je 15 cm.<\/p>\n","protected":false},"excerpt":{"rendered":"<p>Ko\u0161ara, ki se lahko uporablja za ro\u017ee, bonbone in druge stvari. Premer ko\u0161are je 15 cm.<\/p>\n","protected":false},"featured_media":2646,"comment_status":"open","ping_status":"closed","template":"","meta":{"om_disable_all_campaigns":false},"product_brand":[],"product_cat":[128],"product_tag":[],"class_list":{"0":"post-2650","1":"product","2":"type-product","3":"status-publish","4":"has-post-thumbnail","6":"product_cat-okraski-za-dom","7":"it-has-gallery","9":"first","10":"instock","11":"shipping-taxable","12":"purchasable","13":"product-type-simple"},"aioseo_notices":[],"_links":{"self":[{"href":"https:\/\/taskicahandmade.hr\/sl\/wp-json\/wp\/v2\/product\/2650","targetHints":{"allow":["GET"]}}],"collection":[{"href":"https:\/\/taskicahandmade.hr\/sl\/wp-json\/wp\/v2\/product"}],"about":[{"href":"https:\/\/taskicahandmade.hr\/sl\/wp-json\/wp\/v2\/types\/product"}],"replies":[{"embeddable":true,"href":"https:\/\/taskicahandmade.hr\/sl\/wp-json\/wp\/v2\/comments?post=2650"}],"wp:featuredmedia":[{"embeddable":true,"href":"https:\/\/taskicahandmade.hr\/sl\/wp-json\/wp\/v2\/media\/2646"}],"wp:attachment":[{"href":"https:\/\/taskicahandmade.hr\/sl\/wp-json\/wp\/v2\/media?parent=2650"}],"wp:term":[{"taxonomy":"product_brand","embeddable":true,"href":"https:\/\/taskicahandmade.hr\/sl\/wp-json\/wp\/v2\/product_brand?post=2650"},{"taxonomy":"product_cat","embeddable":true,"href":"https:\/\/taskicahandmade.hr\/sl\/wp-json\/wp\/v2\/product_cat?post=2650"},{"taxonomy":"product_tag","embeddable":true,"href":"https:\/\/taskicahandmade.hr\/sl\/wp-json\/wp\/v2\/product_tag?post=2650"}],"curies":[{"name":"wp","href":"https:\/\/api.w.org\/{rel}","templated":true}]}}