{"id":2687,"date":"2024-11-25T20:21:58","date_gmt":"2024-11-25T20:21:58","guid":{"rendered":"https:\/\/taskicahandmade.hr\/proizvod\/kosarica-ombre-velika\/"},"modified":"2024-11-25T20:25:53","modified_gmt":"2024-11-25T20:25:53","slug":"kosarica-ombre-velika","status":"publish","type":"product","link":"https:\/\/taskicahandmade.hr\/sl\/proizvod\/kosarica-ombre-velika\/","title":{"rendered":"Ko\u0161arica Ombre velika"},"content":{"rendered":"<p>Ko\u0161ara, ki se lahko uporablja za ro\u017ee, bonbone in druge stvari.<br \/>\n Premer ko\u0161are je 19 cm.<\/p>\n","protected":false},"excerpt":{"rendered":"<p>Ko\u0161ara, ki se lahko uporablja za ro\u017ee, bonbone in druge stvari. Premer ko\u0161are je 19 cm.<\/p>\n","protected":false},"featured_media":2682,"comment_status":"open","ping_status":"closed","template":"","meta":{"om_disable_all_campaigns":false},"product_brand":[],"product_cat":[128],"product_tag":[],"class_list":{"0":"post-2687","1":"product","2":"type-product","3":"status-publish","4":"has-post-thumbnail","6":"product_cat-okraski-za-dom","7":"it-has-gallery","9":"first","10":"instock","11":"shipping-taxable","12":"purchasable","13":"product-type-simple"},"aioseo_notices":[],"_links":{"self":[{"href":"https:\/\/taskicahandmade.hr\/sl\/wp-json\/wp\/v2\/product\/2687","targetHints":{"allow":["GET"]}}],"collection":[{"href":"https:\/\/taskicahandmade.hr\/sl\/wp-json\/wp\/v2\/product"}],"about":[{"href":"https:\/\/taskicahandmade.hr\/sl\/wp-json\/wp\/v2\/types\/product"}],"replies":[{"embeddable":true,"href":"https:\/\/taskicahandmade.hr\/sl\/wp-json\/wp\/v2\/comments?post=2687"}],"wp:featuredmedia":[{"embeddable":true,"href":"https:\/\/taskicahandmade.hr\/sl\/wp-json\/wp\/v2\/media\/2682"}],"wp:attachment":[{"href":"https:\/\/taskicahandmade.hr\/sl\/wp-json\/wp\/v2\/media?parent=2687"}],"wp:term":[{"taxonomy":"product_brand","embeddable":true,"href":"https:\/\/taskicahandmade.hr\/sl\/wp-json\/wp\/v2\/product_brand?post=2687"},{"taxonomy":"product_cat","embeddable":true,"href":"https:\/\/taskicahandmade.hr\/sl\/wp-json\/wp\/v2\/product_cat?post=2687"},{"taxonomy":"product_tag","embeddable":true,"href":"https:\/\/taskicahandmade.hr\/sl\/wp-json\/wp\/v2\/product_tag?post=2687"}],"curies":[{"name":"wp","href":"https:\/\/api.w.org\/{rel}","templated":true}]}}