{"id":3420,"date":"2025-04-29T10:08:10","date_gmt":"2025-04-29T10:08:10","guid":{"rendered":"https:\/\/taskicahandmade.hr\/proizvod\/macrame-bombaz-zelena\/"},"modified":"2025-05-08T08:04:19","modified_gmt":"2025-05-08T08:04:19","slug":"macrame-bombaz-zelena","status":"publish","type":"product","link":"https:\/\/taskicahandmade.hr\/sl\/proizvod\/macrame-bombaz-zelena\/","title":{"rendered":"Macrame bomba\u017e 2 mm &#8211; ZELENA"},"content":{"rendered":"<p>Vrvice za makrame v hobi trendu so izdelane iz 100 % recikliranega bomba\u017ea in so primerne za kva\u010dkanje in pletenje izdelkov, kot so torbice, ko\u0161are, razli\u010dni okraski itd.<\/p>\n<p> Izdelane so iz mo\u010dnega in trpe\u017enega materiala, zato so odli\u010dne za izdelavo urejenih in stabilnih ro\u010dnih del.<br \/>\n Vsaka krogla je dolga pribli\u017eno 240 metrov, tehta pribli\u017eno 250 gramov in je debela 2 mm.<\/p>\n<p> Odlikuje ga zanesljiva tur\u0161ka proizvodnja in sama kakovost tur\u0161ke tkanine.<\/p>\n","protected":false},"excerpt":{"rendered":"<ul>\n<li>100 % recikliran bomba\u017e<\/li>\n<li>dol\u017eina 240 m +\/- 10 m<\/li>\n<li>te\u017ea 250 g +\/- 10 g<\/li>\n<li>debelina 2 mm<\/li>\n<li>Dr\u017eava izvora: Tur\u010dija<\/li>\n<li>Priporo\u010dena kljuka: 5<\/li>\n<\/ul>\n","protected":false},"featured_media":3418,"comment_status":"open","ping_status":"closed","template":"","meta":{"om_disable_all_campaigns":false},"product_brand":[169],"product_cat":[164],"product_tag":[336,334,332,338,337,333,335],"class_list":{"0":"post-3420","1":"product","2":"type-product","3":"status-publish","4":"has-post-thumbnail","6":"product_brand-hobby-trend","7":"product_cat-2-mm-sl","8":"product_tag-izdelava-vreck","9":"product_tag-makrame-vrvi","10":"product_tag-makrame-vrvice","11":"product_tag-naredi-sam-projekti","12":"product_tag-okraski","13":"product_tag-recikliran-bombaz","14":"product_tag-rocno-delo","15":"it-has-gallery","17":"first","18":"outofstock","19":"shipping-taxable","20":"purchasable","21":"product-type-simple"},"aioseo_notices":[],"_links":{"self":[{"href":"https:\/\/taskicahandmade.hr\/sl\/wp-json\/wp\/v2\/product\/3420","targetHints":{"allow":["GET"]}}],"collection":[{"href":"https:\/\/taskicahandmade.hr\/sl\/wp-json\/wp\/v2\/product"}],"about":[{"href":"https:\/\/taskicahandmade.hr\/sl\/wp-json\/wp\/v2\/types\/product"}],"replies":[{"embeddable":true,"href":"https:\/\/taskicahandmade.hr\/sl\/wp-json\/wp\/v2\/comments?post=3420"}],"wp:featuredmedia":[{"embeddable":true,"href":"https:\/\/taskicahandmade.hr\/sl\/wp-json\/wp\/v2\/media\/3418"}],"wp:attachment":[{"href":"https:\/\/taskicahandmade.hr\/sl\/wp-json\/wp\/v2\/media?parent=3420"}],"wp:term":[{"taxonomy":"product_brand","embeddable":true,"href":"https:\/\/taskicahandmade.hr\/sl\/wp-json\/wp\/v2\/product_brand?post=3420"},{"taxonomy":"product_cat","embeddable":true,"href":"https:\/\/taskicahandmade.hr\/sl\/wp-json\/wp\/v2\/product_cat?post=3420"},{"taxonomy":"product_tag","embeddable":true,"href":"https:\/\/taskicahandmade.hr\/sl\/wp-json\/wp\/v2\/product_tag?post=3420"}],"curies":[{"name":"wp","href":"https:\/\/api.w.org\/{rel}","templated":true}]}}