{"id":3650,"date":"2025-04-30T10:06:04","date_gmt":"2025-04-30T10:06:04","guid":{"rendered":"https:\/\/taskicahandmade.hr\/?post_type=product&#038;p=3650"},"modified":"2025-05-08T08:11:14","modified_gmt":"2025-05-08T08:11:14","slug":"preja-za-debele-cevi-zelena-kopiraj","status":"publish","type":"product","link":"https:\/\/taskicahandmade.hr\/sl\/proizvod\/preja-za-debele-cevi-zelena-kopiraj\/","title":{"rendered":"Preja za debele cevke &#8211; SIVA"},"content":{"rendered":"<p>Hobi trend Debeli trakovi v tubi so sestavljeni iz 33 % bomba\u017ea in 67 % poliestrske svile. Primerne so za izdelavo izdelkov, kot so torbice, ko\u0161are, razni okraski itd. <\/p>\n<p>Izdelane so iz mo\u010dnega in trpe\u017enega materiala, zato so odli\u010dne za izdelavo urejenih in stabilnih ro\u010dnih del.<br \/>\n Vsaka krogla je dolga pribli\u017eno 40 metrov, tehta pribli\u017eno 1000 gramov (pribli\u017eno dovolj za dve srednje veliki torbici) in je debela 20 mm.<\/p>\n<p>Odlikuje ga zanesljiva tur\u0161ka proizvodnja in sama kakovost tur\u0161ke tkanine.<\/p>\n","protected":false},"excerpt":{"rendered":"<ul>\n<li>33 % bomba\u017e, 67 % poliester, svila<\/li>\n<li>dol\u017eina 40 m +\/- 2 m<\/li>\n<li>te\u017ea 1000 g +\/- 50 g<\/li>\n<li>debelina 20 mm<\/li>\n<li>Dr\u017eava izvora: Tur\u010dija<\/li>\n<\/ul>\n","protected":false},"featured_media":3653,"comment_status":"open","ping_status":"closed","template":"","meta":{"om_disable_all_campaigns":false},"product_brand":[169],"product_cat":[168],"product_tag":[349,348,347,336,338,337,350,335],"class_list":{"0":"post-3650","1":"product","2":"type-product","3":"status-publish","4":"has-post-thumbnail","6":"product_brand-hobby-trend","7":"product_cat-debelusni-trakovi-v-tubi","8":"product_tag-bombaz","9":"product_tag-cevasta-preja","10":"product_tag-debelusni-trakovi-v-tubi","11":"product_tag-izdelava-vreck","12":"product_tag-naredi-sam-projekti","13":"product_tag-okraski","14":"product_tag-poliestrska-svila","15":"product_tag-rocno-delo","16":"it-has-gallery","18":"first","19":"instock","20":"shipping-taxable","21":"purchasable","22":"product-type-variable"},"aioseo_notices":[],"_links":{"self":[{"href":"https:\/\/taskicahandmade.hr\/sl\/wp-json\/wp\/v2\/product\/3650","targetHints":{"allow":["GET"]}}],"collection":[{"href":"https:\/\/taskicahandmade.hr\/sl\/wp-json\/wp\/v2\/product"}],"about":[{"href":"https:\/\/taskicahandmade.hr\/sl\/wp-json\/wp\/v2\/types\/product"}],"replies":[{"embeddable":true,"href":"https:\/\/taskicahandmade.hr\/sl\/wp-json\/wp\/v2\/comments?post=3650"}],"wp:featuredmedia":[{"embeddable":true,"href":"https:\/\/taskicahandmade.hr\/sl\/wp-json\/wp\/v2\/media\/3653"}],"wp:attachment":[{"href":"https:\/\/taskicahandmade.hr\/sl\/wp-json\/wp\/v2\/media?parent=3650"}],"wp:term":[{"taxonomy":"product_brand","embeddable":true,"href":"https:\/\/taskicahandmade.hr\/sl\/wp-json\/wp\/v2\/product_brand?post=3650"},{"taxonomy":"product_cat","embeddable":true,"href":"https:\/\/taskicahandmade.hr\/sl\/wp-json\/wp\/v2\/product_cat?post=3650"},{"taxonomy":"product_tag","embeddable":true,"href":"https:\/\/taskicahandmade.hr\/sl\/wp-json\/wp\/v2\/product_tag?post=3650"}],"curies":[{"name":"wp","href":"https:\/\/api.w.org\/{rel}","templated":true}]}}