{"id":3803,"date":"2025-05-06T07:57:01","date_gmt":"2025-05-06T07:57:01","guid":{"rendered":"https:\/\/taskicahandmade.hr\/proizvod\/skrita-torba-rocaj-20-cm\/"},"modified":"2025-05-07T09:02:43","modified_gmt":"2025-05-07T09:02:43","slug":"skrita-torba-rocaj-20-cm","status":"publish","type":"product","link":"https:\/\/taskicahandmade.hr\/sl\/proizvod\/skrita-torba-rocaj-20-cm\/","title":{"rendered":"Skrita torba ro\u010daj 20 cm"},"content":{"rendered":"<p>Skriti ro\u010daj za torbe dimenzij 20 cm * 9,5 cm * 2 cm se uporablja za izdelavo torbic s skritim ro\u010dajem.<\/p>\n<p>Ro\u010daj je izdelan iz 100 % aluminija. Zelo trden. <\/p>\n","protected":false},"excerpt":{"rendered":"<ul>\n<li>skriti ro\u010daj za izdelavo torbic<\/li>\n<li>\u0160irina: 20 cm<\/li>\n<li>vi\u0161ina: 9,5 cm<\/li>\n<li>debelina: 2 cm<\/li>\n<li>Sestava: 100% aluminij<\/li>\n<\/ul>\n","protected":false},"featured_media":3788,"comment_status":"open","ping_status":"closed","template":"","meta":{"om_disable_all_campaigns":false},"product_brand":[],"product_cat":[171],"product_tag":[],"class_list":{"0":"post-3803","1":"product","2":"type-product","3":"status-publish","4":"has-post-thumbnail","6":"product_cat-kovinski-dodatki","7":"it-has-gallery","9":"first","10":"instock","11":"shipping-taxable","12":"purchasable","13":"product-type-simple"},"aioseo_notices":[],"_links":{"self":[{"href":"https:\/\/taskicahandmade.hr\/sl\/wp-json\/wp\/v2\/product\/3803","targetHints":{"allow":["GET"]}}],"collection":[{"href":"https:\/\/taskicahandmade.hr\/sl\/wp-json\/wp\/v2\/product"}],"about":[{"href":"https:\/\/taskicahandmade.hr\/sl\/wp-json\/wp\/v2\/types\/product"}],"replies":[{"embeddable":true,"href":"https:\/\/taskicahandmade.hr\/sl\/wp-json\/wp\/v2\/comments?post=3803"}],"wp:featuredmedia":[{"embeddable":true,"href":"https:\/\/taskicahandmade.hr\/sl\/wp-json\/wp\/v2\/media\/3788"}],"wp:attachment":[{"href":"https:\/\/taskicahandmade.hr\/sl\/wp-json\/wp\/v2\/media?parent=3803"}],"wp:term":[{"taxonomy":"product_brand","embeddable":true,"href":"https:\/\/taskicahandmade.hr\/sl\/wp-json\/wp\/v2\/product_brand?post=3803"},{"taxonomy":"product_cat","embeddable":true,"href":"https:\/\/taskicahandmade.hr\/sl\/wp-json\/wp\/v2\/product_cat?post=3803"},{"taxonomy":"product_tag","embeddable":true,"href":"https:\/\/taskicahandmade.hr\/sl\/wp-json\/wp\/v2\/product_tag?post=3803"}],"curies":[{"name":"wp","href":"https:\/\/api.w.org\/{rel}","templated":true}]}}