{"id":3831,"date":"2025-05-07T06:30:11","date_gmt":"2025-05-07T06:30:11","guid":{"rendered":"https:\/\/taskicahandmade.hr\/?post_type=product&#038;p=3831"},"modified":"2025-05-08T07:57:36","modified_gmt":"2025-05-08T07:57:36","slug":"trak-za-majice-6-8-mm-azzurro-kopiraj","status":"publish","type":"product","link":"https:\/\/taskicahandmade.hr\/sl\/proizvod\/trak-za-majice-6-8-mm-azzurro-kopiraj\/","title":{"rendered":"Trak za majice 6-8 mm LAVENDER"},"content":{"rendered":"<ul>\n<li style=\"text-align: left;\">T-shirt preje so sestavljeni iz 100% bomba\u017ea in so primerni za kva\u010dkanje in pletenje izdelkov kot so torbe, ko\u0161are, zibelke itd.<\/li>\n<li style=\"text-align: left;\">Izdelane so iz mo\u010dnega in vzdr\u017eljivega materiala in so popolne za izdelavo urejenih in stabilnih ro\u010dnih del.<\/li>\n<li style=\"text-align: left;\">Vsaka \u017eoga je dolga 100 m, tehta 320 g in je \u0161iroka 6-8 mm ter je na voljo v 22 barvah.<\/li>\n<li style=\"text-align: left;\">Zanj je zna\u010dilna doma\u010da proizvodnja, je prvi izdelek te kakovosti proizveden na Hrva\u0161kem.<\/li>\n<\/ul>\n","protected":false},"excerpt":{"rendered":"<ul>\n<li>100% bomba\u017e<\/li>\n<li>dol\u017eina cca 100m<\/li>\n<li>te\u017ea cca 320g<\/li>\n<li>debelina 6-8 mm<\/li>\n<li>priporo\u010dljiv je trnek 6-10<\/li>\n<li>OEKO TEX standard<\/li>\n<\/ul>\n","protected":false},"featured_media":3834,"comment_status":"open","ping_status":"closed","template":"","meta":{"om_disable_all_campaigns":false},"product_brand":[],"product_cat":[122],"product_tag":[317,311,312,310,314,313,316,315,309],"class_list":{"0":"post-3831","1":"product","2":"type-product","3":"status-publish","4":"has-post-thumbnail","6":"product_cat-bombazna-majica-s-trakom","7":"product_tag-bombazna-preja-za-torbe","8":"product_tag-bombazne-trakove-za-torbe","9":"product_tag-kvackane-torbe","10":"product_tag-kvackani-trakovi","11":"product_tag-material-za-kvackane-torbe","12":"product_tag-nit-za-kvackano-vrecko","13":"product_tag-preja-za-majice","14":"product_tag-preja-za-majice-hrvaska","15":"product_tag-trakovi-za-majice","17":"first","18":"instock","19":"shipping-taxable","20":"purchasable","21":"product-type-simple"},"aioseo_notices":[],"_links":{"self":[{"href":"https:\/\/taskicahandmade.hr\/sl\/wp-json\/wp\/v2\/product\/3831","targetHints":{"allow":["GET"]}}],"collection":[{"href":"https:\/\/taskicahandmade.hr\/sl\/wp-json\/wp\/v2\/product"}],"about":[{"href":"https:\/\/taskicahandmade.hr\/sl\/wp-json\/wp\/v2\/types\/product"}],"replies":[{"embeddable":true,"href":"https:\/\/taskicahandmade.hr\/sl\/wp-json\/wp\/v2\/comments?post=3831"}],"wp:featuredmedia":[{"embeddable":true,"href":"https:\/\/taskicahandmade.hr\/sl\/wp-json\/wp\/v2\/media\/3834"}],"wp:attachment":[{"href":"https:\/\/taskicahandmade.hr\/sl\/wp-json\/wp\/v2\/media?parent=3831"}],"wp:term":[{"taxonomy":"product_brand","embeddable":true,"href":"https:\/\/taskicahandmade.hr\/sl\/wp-json\/wp\/v2\/product_brand?post=3831"},{"taxonomy":"product_cat","embeddable":true,"href":"https:\/\/taskicahandmade.hr\/sl\/wp-json\/wp\/v2\/product_cat?post=3831"},{"taxonomy":"product_tag","embeddable":true,"href":"https:\/\/taskicahandmade.hr\/sl\/wp-json\/wp\/v2\/product_tag?post=3831"}],"curies":[{"name":"wp","href":"https:\/\/api.w.org\/{rel}","templated":true}]}}