{"id":3866,"date":"2025-05-07T08:53:29","date_gmt":"2025-05-07T08:53:29","guid":{"rendered":"https:\/\/taskicahandmade.hr\/?post_type=product&#038;p=3866"},"modified":"2025-05-07T09:16:14","modified_gmt":"2025-05-07T09:16:14","slug":"zlata-verizica-za-torbico-z-zaponkami-kopiraj","status":"publish","type":"product","link":"https:\/\/taskicahandmade.hr\/sl\/proizvod\/zlata-verizica-za-torbico-z-zaponkami-kopiraj\/","title":{"rendered":"Srebrna veri\u017eica za torbico z zaponkami"},"content":{"rendered":"<p>Elegantna kovinska veri\u017eica srebrne barve je idealna za izdelavo, zamenjavo ali nadgradnjo torbic. Prilo\u017eene so prakti\u010dne karabinske sponke, ki omogo\u010dajo hitro in varno pritrditev. Primerno za crossbody, mini in clutch torbice.  <\/p>\n","protected":false},"excerpt":{"rendered":"<ul>\n<li>srebrna veri\u017eica za torbico<\/li>\n<li>dol\u017eina: 110 cm<\/li>\n<li>debelina veri\u017eice: 1 cm<\/li>\n<li>sestava: aluminij in nikelj<\/li>\n<li>Veriga ima zaponke v obliki papige.<\/li>\n<\/ul>\n","protected":false},"featured_media":3869,"comment_status":"open","ping_status":"closed","template":"","meta":{"om_disable_all_campaigns":false},"product_brand":[169],"product_cat":[171],"product_tag":[193,196,192,194],"class_list":{"0":"post-3866","1":"product","2":"type-product","3":"status-publish","4":"has-post-thumbnail","6":"product_brand-hobby-trend","7":"product_cat-kovinski-dodatki","8":"product_tag-kovinska-verizna-torba","9":"product_tag-srebrna-verizica-za-torbico","10":"product_tag-veriga-s-karabinom","11":"product_tag-veriga-za-izdelavo-vreck","12":"it-has-gallery","14":"first","15":"instock","16":"shipping-taxable","17":"purchasable","18":"product-type-simple"},"aioseo_notices":[],"_links":{"self":[{"href":"https:\/\/taskicahandmade.hr\/sl\/wp-json\/wp\/v2\/product\/3866","targetHints":{"allow":["GET"]}}],"collection":[{"href":"https:\/\/taskicahandmade.hr\/sl\/wp-json\/wp\/v2\/product"}],"about":[{"href":"https:\/\/taskicahandmade.hr\/sl\/wp-json\/wp\/v2\/types\/product"}],"replies":[{"embeddable":true,"href":"https:\/\/taskicahandmade.hr\/sl\/wp-json\/wp\/v2\/comments?post=3866"}],"wp:featuredmedia":[{"embeddable":true,"href":"https:\/\/taskicahandmade.hr\/sl\/wp-json\/wp\/v2\/media\/3869"}],"wp:attachment":[{"href":"https:\/\/taskicahandmade.hr\/sl\/wp-json\/wp\/v2\/media?parent=3866"}],"wp:term":[{"taxonomy":"product_brand","embeddable":true,"href":"https:\/\/taskicahandmade.hr\/sl\/wp-json\/wp\/v2\/product_brand?post=3866"},{"taxonomy":"product_cat","embeddable":true,"href":"https:\/\/taskicahandmade.hr\/sl\/wp-json\/wp\/v2\/product_cat?post=3866"},{"taxonomy":"product_tag","embeddable":true,"href":"https:\/\/taskicahandmade.hr\/sl\/wp-json\/wp\/v2\/product_tag?post=3866"}],"curies":[{"name":"wp","href":"https:\/\/api.w.org\/{rel}","templated":true}]}}