{"id":3878,"date":"2025-05-06T07:29:48","date_gmt":"2025-05-06T07:29:48","guid":{"rendered":"https:\/\/taskicahandmade.hr\/proizvod\/rocaj-za-biserno-torbico-1-kos\/"},"modified":"2025-05-06T07:29:48","modified_gmt":"2025-05-06T07:29:48","slug":"rocaj-za-biserno-torbico-1-kos","status":"publish","type":"product","link":"https:\/\/taskicahandmade.hr\/sl\/proizvod\/rocaj-za-biserno-torbico-1-kos\/","title":{"rendered":"Ro\u010daj za biserno torbico (1 kos)"},"content":{"rendered":"<p>Ta razko\u0161en ro\u010daj z biseri in zlatimi zaponkami daje torbicam prefinjen videz. Odli\u010dna izbira za ve\u010derne torbice in posebne prilo\u017enosti. <\/p>\n","protected":false},"excerpt":{"rendered":"<ul>\n<li>biser za torbico<\/li>\n<li>dol\u017eina: 38 cm<\/li>\n<li>debelina: 1,8 cm<\/li>\n<li>sestava: kovina in biseri<\/li>\n<\/ul>\n","protected":false},"featured_media":3785,"comment_status":"open","ping_status":"closed","template":"","meta":{"om_disable_all_campaigns":false},"product_brand":[169],"product_cat":[171],"product_tag":[213,215,214,212],"class_list":{"0":"post-3878","1":"product","2":"type-product","3":"status-publish","4":"has-post-thumbnail","6":"product_brand-hobby-trend","7":"product_cat-kovinski-dodatki","8":"product_tag-biserna-torba","9":"product_tag-eleganten-rocaj-torbe","10":"product_tag-okrasni-rocaj-za-torbico","11":"product_tag-rocaj-z-biseri","13":"first","14":"instock","15":"shipping-taxable","16":"purchasable","17":"product-type-simple"},"aioseo_notices":[],"_links":{"self":[{"href":"https:\/\/taskicahandmade.hr\/sl\/wp-json\/wp\/v2\/product\/3878","targetHints":{"allow":["GET"]}}],"collection":[{"href":"https:\/\/taskicahandmade.hr\/sl\/wp-json\/wp\/v2\/product"}],"about":[{"href":"https:\/\/taskicahandmade.hr\/sl\/wp-json\/wp\/v2\/types\/product"}],"replies":[{"embeddable":true,"href":"https:\/\/taskicahandmade.hr\/sl\/wp-json\/wp\/v2\/comments?post=3878"}],"wp:featuredmedia":[{"embeddable":true,"href":"https:\/\/taskicahandmade.hr\/sl\/wp-json\/wp\/v2\/media\/3785"}],"wp:attachment":[{"href":"https:\/\/taskicahandmade.hr\/sl\/wp-json\/wp\/v2\/media?parent=3878"}],"wp:term":[{"taxonomy":"product_brand","embeddable":true,"href":"https:\/\/taskicahandmade.hr\/sl\/wp-json\/wp\/v2\/product_brand?post=3878"},{"taxonomy":"product_cat","embeddable":true,"href":"https:\/\/taskicahandmade.hr\/sl\/wp-json\/wp\/v2\/product_cat?post=3878"},{"taxonomy":"product_tag","embeddable":true,"href":"https:\/\/taskicahandmade.hr\/sl\/wp-json\/wp\/v2\/product_tag?post=3878"}],"curies":[{"name":"wp","href":"https:\/\/api.w.org\/{rel}","templated":true}]}}