{"id":4043,"date":"2025-05-08T06:11:35","date_gmt":"2025-05-08T06:11:35","guid":{"rendered":"https:\/\/taskicahandmade.hr\/?post_type=product&#038;p=4043"},"modified":"2025-05-08T06:19:35","modified_gmt":"2025-05-08T06:19:35","slug":"zaponka-z-d-obrockom-komplet-2-kosov-srebrna-kopiraj","status":"publish","type":"product","link":"https:\/\/taskicahandmade.hr\/sl\/proizvod\/zaponka-z-d-obrockom-komplet-2-kosov-srebrna-kopiraj\/","title":{"rendered":"D-ro\u010daj za torbo (komplet 2 kosov) &#8211; zlat"},"content":{"rendered":"<p>Kompakten in eleganten ro\u010daj je idealen za ve\u010dje modne dodatke, kot so torbice in denarnice.<\/p>\n","protected":false},"excerpt":{"rendered":"<ul>\n<li>D-sponka za torbe<\/li>\n<li>\u0161irina: 14 cm<\/li>\n<li>vi\u0161ina: 10,5 cm<\/li>\n<li>debelina: 4 mm<\/li>\n<li>sestava: aluminij in nikelj<\/li>\n<\/ul>\n","protected":false},"featured_media":4046,"comment_status":"open","ping_status":"closed","template":"","meta":{"om_disable_all_campaigns":false},"product_brand":[],"product_cat":[171],"product_tag":[274,182,275],"class_list":{"0":"post-4043","1":"product","2":"type-product","3":"status-publish","4":"has-post-thumbnail","6":"product_cat-kovinski-dodatki","7":"product_tag-d-sponka-za-torbe","8":"product_tag-dodatek-za-torbo","9":"product_tag-zlat-rocaj-za-torbico","10":"it-has-gallery","12":"first","13":"instock","14":"shipping-taxable","15":"purchasable","16":"product-type-simple"},"aioseo_notices":[],"_links":{"self":[{"href":"https:\/\/taskicahandmade.hr\/sl\/wp-json\/wp\/v2\/product\/4043","targetHints":{"allow":["GET"]}}],"collection":[{"href":"https:\/\/taskicahandmade.hr\/sl\/wp-json\/wp\/v2\/product"}],"about":[{"href":"https:\/\/taskicahandmade.hr\/sl\/wp-json\/wp\/v2\/types\/product"}],"replies":[{"embeddable":true,"href":"https:\/\/taskicahandmade.hr\/sl\/wp-json\/wp\/v2\/comments?post=4043"}],"wp:featuredmedia":[{"embeddable":true,"href":"https:\/\/taskicahandmade.hr\/sl\/wp-json\/wp\/v2\/media\/4046"}],"wp:attachment":[{"href":"https:\/\/taskicahandmade.hr\/sl\/wp-json\/wp\/v2\/media?parent=4043"}],"wp:term":[{"taxonomy":"product_brand","embeddable":true,"href":"https:\/\/taskicahandmade.hr\/sl\/wp-json\/wp\/v2\/product_brand?post=4043"},{"taxonomy":"product_cat","embeddable":true,"href":"https:\/\/taskicahandmade.hr\/sl\/wp-json\/wp\/v2\/product_cat?post=4043"},{"taxonomy":"product_tag","embeddable":true,"href":"https:\/\/taskicahandmade.hr\/sl\/wp-json\/wp\/v2\/product_tag?post=4043"}],"curies":[{"name":"wp","href":"https:\/\/api.w.org\/{rel}","templated":true}]}}