{"id":4061,"date":"2025-05-08T06:26:36","date_gmt":"2025-05-08T06:26:36","guid":{"rendered":"https:\/\/taskicahandmade.hr\/?post_type=product&#038;p=4061"},"modified":"2025-05-08T06:35:59","modified_gmt":"2025-05-08T06:35:59","slug":"d-rocaj-za-torbo-komplet-2-kosov-srebrn-kopiraj","status":"publish","type":"product","link":"https:\/\/taskicahandmade.hr\/sl\/proizvod\/d-rocaj-za-torbo-komplet-2-kosov-srebrn-kopiraj\/","title":{"rendered":"\u0160esterokotni ro\u010daj za torbico (komplet 2 kosov) &#8211; zlat"},"content":{"rendered":"<p>Kompakten in eleganten ro\u010daj je idealen za ve\u010dje modne dodatke, kot so torbice in denarnice.<\/p>\n","protected":false},"excerpt":{"rendered":"<ul>\n<li>\u0160esterokotni ro\u010daj za torbico<\/li>\n<li>\u0161irina: 14 cm<\/li>\n<li>vi\u0161ina: 10 cm<\/li>\n<li>debelina: 4 mm<\/li>\n<li>sestava: aluminij in nikelj<\/li>\n<\/ul>\n","protected":false},"featured_media":4064,"comment_status":"open","ping_status":"closed","template":"","meta":{"om_disable_all_campaigns":false},"product_brand":[],"product_cat":[171],"product_tag":[182,283,284,275],"class_list":{"0":"post-4061","1":"product","2":"type-product","3":"status-publish","4":"has-post-thumbnail","6":"product_cat-kovinski-dodatki","7":"product_tag-dodatek-za-torbo","8":"product_tag-sesterokotni-rocaj","9":"product_tag-sesterokotni-rocaj-za-torbico","10":"product_tag-zlat-rocaj-za-torbico","11":"it-has-gallery","13":"first","14":"instock","15":"shipping-taxable","16":"purchasable","17":"product-type-simple"},"aioseo_notices":[],"_links":{"self":[{"href":"https:\/\/taskicahandmade.hr\/sl\/wp-json\/wp\/v2\/product\/4061","targetHints":{"allow":["GET"]}}],"collection":[{"href":"https:\/\/taskicahandmade.hr\/sl\/wp-json\/wp\/v2\/product"}],"about":[{"href":"https:\/\/taskicahandmade.hr\/sl\/wp-json\/wp\/v2\/types\/product"}],"replies":[{"embeddable":true,"href":"https:\/\/taskicahandmade.hr\/sl\/wp-json\/wp\/v2\/comments?post=4061"}],"wp:featuredmedia":[{"embeddable":true,"href":"https:\/\/taskicahandmade.hr\/sl\/wp-json\/wp\/v2\/media\/4064"}],"wp:attachment":[{"href":"https:\/\/taskicahandmade.hr\/sl\/wp-json\/wp\/v2\/media?parent=4061"}],"wp:term":[{"taxonomy":"product_brand","embeddable":true,"href":"https:\/\/taskicahandmade.hr\/sl\/wp-json\/wp\/v2\/product_brand?post=4061"},{"taxonomy":"product_cat","embeddable":true,"href":"https:\/\/taskicahandmade.hr\/sl\/wp-json\/wp\/v2\/product_cat?post=4061"},{"taxonomy":"product_tag","embeddable":true,"href":"https:\/\/taskicahandmade.hr\/sl\/wp-json\/wp\/v2\/product_tag?post=4061"}],"curies":[{"name":"wp","href":"https:\/\/api.w.org\/{rel}","templated":true}]}}