{"id":4138,"date":"2025-05-09T07:26:08","date_gmt":"2025-05-09T07:26:08","guid":{"rendered":"https:\/\/taskicahandmade.hr\/?post_type=product&#038;p=4138"},"modified":"2025-05-09T07:27:16","modified_gmt":"2025-05-09T07:27:16","slug":"rafija-rdecilo-kopiraj","status":"publish","type":"product","link":"https:\/\/taskicahandmade.hr\/sl\/proizvod\/rafija-rdecilo-kopiraj\/","title":{"rendered":"Rafija &#8211; GOR\u010cICA"},"content":{"rendered":"<p>Dodajte svojim ro\u010dno izdelanim torbam pridih stila z na\u0161o visokokakovostno kva\u010dkano rafijo! Ta lahka in trpe\u017ena preja je odli\u010dna za izdelavo modnih torbic, klobukov in drugih modnih dodatkov. Enostavno se kva\u010dka, se ne cefra in kon\u010dnemu izdelku zagotavlja trdno strukturo.  <\/p>\n","protected":false},"excerpt":{"rendered":"<ul>\n<li>Sestava: naravna rafija (odporna in dolgotrajna)<\/li>\n<li>te\u017ea: 150 gramov<\/li>\n<li>dol\u017eina v krogli: 230 m +\/- 5 m<\/li>\n<li>debelina: 4\u20135 mm<\/li>\n<\/ul>\n","protected":false},"featured_media":4142,"comment_status":"open","ping_status":"closed","template":"","meta":{"om_disable_all_campaigns":false},"product_brand":[],"product_cat":[379],"product_tag":[389,386,391,387,384,314,385,392,381,380,383,390,382,388],"class_list":{"0":"post-4138","1":"product","2":"type-product","3":"status-publish","4":"has-post-thumbnail","6":"product_cat-rafija","7":"product_tag-bombazna-rafija-za-torbe","8":"product_tag-cena-rafije","9":"product_tag-kupite-rafijo-na-spletu","10":"product_tag-kvackane-torbe-iz-rafije","11":"product_tag-kvackanje-rafija","12":"product_tag-material-za-kvackane-torbe","13":"product_tag-naravna-rafija-hrvaska","14":"product_tag-preja-iz-rafije-hrvaska","15":"product_tag-rafija-sl","16":"product_tag-rafija","17":"product_tag-rafija-za-klobuke","18":"product_tag-rafija-za-rocna-dela","19":"product_tag-rafija-za-torbe","20":"product_tag-viskozna-rafija-preja","22":"first","23":"instock","24":"shipping-taxable","25":"purchasable","26":"product-type-simple"},"aioseo_notices":[],"_links":{"self":[{"href":"https:\/\/taskicahandmade.hr\/sl\/wp-json\/wp\/v2\/product\/4138","targetHints":{"allow":["GET"]}}],"collection":[{"href":"https:\/\/taskicahandmade.hr\/sl\/wp-json\/wp\/v2\/product"}],"about":[{"href":"https:\/\/taskicahandmade.hr\/sl\/wp-json\/wp\/v2\/types\/product"}],"replies":[{"embeddable":true,"href":"https:\/\/taskicahandmade.hr\/sl\/wp-json\/wp\/v2\/comments?post=4138"}],"wp:featuredmedia":[{"embeddable":true,"href":"https:\/\/taskicahandmade.hr\/sl\/wp-json\/wp\/v2\/media\/4142"}],"wp:attachment":[{"href":"https:\/\/taskicahandmade.hr\/sl\/wp-json\/wp\/v2\/media?parent=4138"}],"wp:term":[{"taxonomy":"product_brand","embeddable":true,"href":"https:\/\/taskicahandmade.hr\/sl\/wp-json\/wp\/v2\/product_brand?post=4138"},{"taxonomy":"product_cat","embeddable":true,"href":"https:\/\/taskicahandmade.hr\/sl\/wp-json\/wp\/v2\/product_cat?post=4138"},{"taxonomy":"product_tag","embeddable":true,"href":"https:\/\/taskicahandmade.hr\/sl\/wp-json\/wp\/v2\/product_tag?post=4138"}],"curies":[{"name":"wp","href":"https:\/\/api.w.org\/{rel}","templated":true}]}}